{"id":2255,"date":"2025-08-26T10:09:25","date_gmt":"2025-08-26T08:09:25","guid":{"rendered":"https:\/\/lotustilesl.com\/?page_id=2255"},"modified":"2025-08-26T10:13:04","modified_gmt":"2025-08-26T08:13:04","slug":"politique-relative-aux-cookies","status":"publish","type":"page","link":"https:\/\/lotustilesl.com\/fr\/politique-relative-aux-cookies\/","title":{"rendered":"Politique relative aux cookies"},"content":{"rendered":"\n<h2 class=\"wp-block-heading\">Que sont les cookies\u00a0?<\/h2>\n\n\n\n<p>En anglais, le terme \u00ab\u00a0cookie\u00a0\u00bb signifie \u00ab\u00a0cookie\u00a0\u00bb, mais dans le contexte de la navigation web, un \u00ab\u00a0cookie\u00a0\u00bb a une signification compl\u00e8tement diff\u00e9rente. Lorsque vous acc\u00e9dez \u00e0 notre site web, un petit texte appel\u00e9 \u00ab\u00a0cookie\u00a0\u00bb est stock\u00e9 dans le navigateur de votre appareil. Ce texte contient diverses informations sur vos habitudes de navigation, vos pr\u00e9f\u00e9rences, la personnalisation du contenu, etc.<\/p>\n\n\n\n<p>D&rsquo;autres technologies fonctionnent de mani\u00e8re similaire et sont \u00e9galement utilis\u00e9es pour collecter des donn\u00e9es sur votre activit\u00e9 de navigation. Nous d\u00e9signerons toutes ces technologies collectivement par le terme \u00ab&nbsp;cookies&nbsp;\u00bb.<\/p>\n\n\n\n<p>Les utilisations sp\u00e9cifiques que nous faisons de ces technologies sont d\u00e9crites dans le pr\u00e9sent document.<\/p>\n\n\n\n<h2 class=\"wp-block-heading\">\u00c0 quoi servent les cookies sur ce site web\u00a0?<\/h2>\n\n\n\n<p>Les cookies sont essentiels au fonctionnement du site web. Leur objectif principal est d&rsquo;am\u00e9liorer votre exp\u00e9rience de navigation. Par exemple, ils m\u00e9morisent vos pr\u00e9f\u00e9rences (langue, pays, etc.) pendant votre navigation et lors de vos prochaines visites. Les informations collect\u00e9es dans les cookies nous permettent \u00e9galement d&rsquo;am\u00e9liorer le site web, de l&rsquo;adapter \u00e0 vos centres d&rsquo;int\u00e9r\u00eat, d&rsquo;acc\u00e9l\u00e9rer vos recherches, etc.<\/p>\n\n\n\n<p>Dans certains cas, apr\u00e8s avoir obtenu votre consentement pr\u00e9alable, nous pouvons utiliser des cookies \u00e0 d&rsquo;autres fins, notamment pour vous pr\u00e9senter des publicit\u00e9s bas\u00e9es sur l&rsquo;analyse de vos habitudes de navigation.<\/p>\n\n\n\n<h2 class=\"wp-block-heading\">Pourquoi les cookies ne sont-ils pas utilis\u00e9s sur ce site web\u00a0?<\/h2>\n\n\n\n<p>Les cookies que nous utilisons ne stockent pas d&rsquo;informations personnelles sensibles telles que votre nom, votre adresse, votre mot de passe, etc.<\/p>\n\n\n\n<h2 class=\"wp-block-heading\">Qui utilise les informations stock\u00e9es dans les cookies\u00a0?<\/h2>\n\n\n\n<p>Les informations stock\u00e9es dans les cookies sur notre site web sont utilis\u00e9es exclusivement par nous, \u00e0 l&rsquo;exception de celles identifi\u00e9es ci-dessous comme \u00ab\u00a0cookies tiers\u00a0\u00bb, qui sont utilis\u00e9es et g\u00e9r\u00e9es par des entit\u00e9s externes nous fournissant des services am\u00e9liorant l&rsquo;exp\u00e9rience utilisateur. Par exemple, des statistiques sur le nombre de visites, les contenus les plus appr\u00e9ci\u00e9s, etc.<\/p>\n\n\n\n<p>Comment \u00e9viter l&rsquo;utilisation de cookies sur ce site web&nbsp;? Si vous pr\u00e9f\u00e9rez \u00e9viter l&rsquo;utilisation de cookies, vous pouvez les refuser ou configurer les cookies que vous souhaitez refuser et ceux que vous autorisez (ce document fournit des informations d\u00e9taill\u00e9es sur chaque type de cookie, sa finalit\u00e9, son destinataire, sa dur\u00e9e, etc.).<\/p>\n\n\n\n<p>Si vous les avez accept\u00e9s, nous ne vous le demanderons plus, sauf si vous supprimez les cookies de votre appareil comme indiqu\u00e9 dans la section suivante. Si vous souhaitez r\u00e9voquer votre consentement, vous devrez supprimer les cookies et les configurer \u00e0 nouveau.<\/p>\n\n\n\n<h2 class=\"wp-block-heading\">Comment d\u00e9sactiver et supprimer l&rsquo;utilisation des cookies\u00a0?<\/h2>\n\n\n\n<p>Pour restreindre, bloquer ou supprimer les cookies de ce site web (et ceux utilis\u00e9s par des tiers), vous pouvez le faire \u00e0 tout moment en modifiant les param\u00e8tres de votre navigateur. Veuillez noter que ces param\u00e8tres varient selon votre navigateur.<\/p>\n\n\n\n<p>Les liens suivants vous expliquent comment activer ou d\u00e9sactiver les cookies dans les navigateurs les plus courants.<\/p>\n\n\n\n<p>Firefox<br>Google Chrome<br>Internet Explorer<br>Microsoft Edge<br>Safari<\/p>\n\n\n\n<h2 class=\"wp-block-heading\">Quels types de cookies sont utilis\u00e9s sur ce site web\u00a0?<\/h2>\n\n\n\n<p>Chaque site web utilise ses propres cookies. Sur notre site web, nous utilisons les cookies suivants\u00a0:<\/p>\n\n\n\n<p>Selon l\u2019entit\u00e9 qui les g\u00e8re<\/p>\n\n\n\n<p>Cookies propri\u00e9taires&nbsp;:<\/p>\n\n\n\n<p>Il s\u2019agit de cookies envoy\u00e9s au terminal de l\u2019Utilisateur depuis un ordinateur ou un domaine g\u00e9r\u00e9 par l\u2019\u00e9diteur lui-m\u00eame et \u00e0 partir duquel le service demand\u00e9 par l\u2019Utilisateur est fourni.<\/p>\n\n\n\n<p>Cookies tiers&nbsp;:<\/p>\n\n\n\n<p>Il s\u2019agit de cookies envoy\u00e9s au terminal de l\u2019Utilisateur depuis un ordinateur ou un domaine non g\u00e9r\u00e9 par l\u2019\u00e9diteur, mais par une autre entit\u00e9 qui traite les donn\u00e9es obtenues gr\u00e2ce aux cookies.<\/p>\n\n\n\n<p>Si les cookies sont d\u00e9pos\u00e9s depuis un ordinateur ou un domaine g\u00e9r\u00e9 par l\u2019\u00e9diteur lui-m\u00eame, mais que les informations collect\u00e9es sont g\u00e9r\u00e9es par un tiers, ils ne peuvent pas \u00eatre consid\u00e9r\u00e9s comme des cookies propri\u00e9taires si ce tiers les utilise \u00e0 ses propres fins (par exemple, pour am\u00e9liorer ses services ou fournir des services publicitaires pour d\u2019autres entit\u00e9s).<\/p>\n\n\n\n<p>SELON LEUR FINALIT\u00c9<\/p>\n\n\n\n<p>Cookies techniques&nbsp;:<\/p>\n\n\n\n<p>Ils sont n\u00e9cessaires \u00e0 la navigation et au bon fonctionnement de notre site web, notamment pour contr\u00f4ler le trafic et la communication de donn\u00e9es, identifier la session, acc\u00e9der aux zones restreintes, traiter les demandes d\u2019inscription ou de participation \u00e0 des \u00e9v\u00e9nements, comptabiliser les visites \u00e0 des fins de facturation des licences logicielles qui alimentent le site web, utiliser les fonctionnalit\u00e9s de s\u00e9curit\u00e9 pendant la navigation, stocker du contenu pour l\u2019affichage de vid\u00e9os ou de sons, et activer du contenu dynamique (par exemple, charger des animations pour du texte ou des images).<\/p>\n\n\n\n<p>Cookies analytiques&nbsp;:<\/p>\n\n\n\n<p>Ils nous permettent de quantifier le nombre d\u2019utilisateurs et ainsi d\u2019effectuer des mesures et analyses statistiques de l\u2019utilisation du site web.<\/p>\n\n\n\n<p>Cookies de pr\u00e9f\u00e9rence ou de personnalisation&nbsp;:<\/p>\n\n\n\n<p>Ces cookies permettent de m\u00e9moriser des informations afin que l&rsquo;Utilisateur acc\u00e8de au service avec certaines caract\u00e9ristiques susceptibles de diff\u00e9rencier son exp\u00e9rience de celle des autres utilisateurs, telles que la langue, le nombre de r\u00e9sultats affich\u00e9s lors d&rsquo;une recherche, l&rsquo;apparence ou le contenu du service selon le type de navigateur utilis\u00e9 ou la r\u00e9gion d&rsquo;acc\u00e8s, etc.<\/p>\n\n\n\n<p>Selon leur dur\u00e9e d&rsquo;activit\u00e9.<\/p>\n\n\n\n<p>Cookies de session&nbsp;:<\/p>\n\n\n\n<p>Ces cookies sont con\u00e7us pour collecter et stocker des donn\u00e9es pendant que l&rsquo;Utilisateur acc\u00e8de \u00e0 un site web.<\/p>\n\n\n\n<p>Ils sont g\u00e9n\u00e9ralement utilis\u00e9s pour stocker des informations n\u00e9cessaires \u00e0 la fourniture du service demand\u00e9 par l&rsquo;Utilisateur, une seule fois (par exemple, une liste de produits achet\u00e9s) et disparaissent \u00e0 la fin de la session.<\/p>\n\n\n\n<p>Cookies persistants&nbsp;:<\/p>\n\n\n\n<p>Il s&rsquo;agit de cookies dont les donn\u00e9es restent stock\u00e9es sur l&rsquo;appareil et peuvent \u00eatre consult\u00e9es et trait\u00e9es pendant une dur\u00e9e d\u00e9finie par le responsable du traitement, qui peut aller de quelques minutes \u00e0 plusieurs ann\u00e9es. \u00c0 cet \u00e9gard, il convient d&rsquo;\u00e9valuer sp\u00e9cifiquement la n\u00e9cessit\u00e9 de l&rsquo;utilisation de cookies persistants, car les risques pour la vie priv\u00e9e pourraient \u00eatre r\u00e9duits gr\u00e2ce \u00e0 l&rsquo;utilisation de cookies de session. Dans tous les cas, lors de l&rsquo;installation de cookies persistants, il est recommand\u00e9 de r\u00e9duire leur dur\u00e9e au minimum n\u00e9cessaire, compte tenu de la finalit\u00e9 de leur utilisation. \u00c0 cet effet, l&rsquo;avis 4\/2012 du G29 indique que pour qu&rsquo;un cookie soit exempt\u00e9 de l&rsquo;obligation de consentement \u00e9clair\u00e9, son expiration doit \u00eatre li\u00e9e \u00e0 sa finalit\u00e9. Par cons\u00e9quent, les cookies de session sont beaucoup plus susceptibles d&rsquo;\u00eatre consid\u00e9r\u00e9s comme exempt\u00e9s que les cookies persistants.<\/p>\n","protected":false},"excerpt":{"rendered":"<p>Que sont les cookies\u00a0? En anglais, le terme \u00ab\u00a0cookie\u00a0\u00bb signifie \u00ab\u00a0cookie\u00a0\u00bb, mais dans le contexte de la navigation web, un \u00ab\u00a0cookie\u00a0\u00bb a une signification compl\u00e8tement diff\u00e9rente. Lorsque vous acc\u00e9dez \u00e0 notre site web, un petit texte appel\u00e9 \u00ab\u00a0cookie\u00a0\u00bb est stock\u00e9 dans le navigateur de votre appareil. Ce texte contient diverses informations sur vos habitudes de [&hellip;]<\/p>\n","protected":false},"author":1,"featured_media":0,"parent":0,"menu_order":0,"comment_status":"closed","ping_status":"closed","template":"","meta":{"_acf_changed":false,"footnotes":""},"class_list":["post-2255","page","type-page","status-publish","hentry"],"acf":[],"yoast_head":"<!-- This site is optimized with the Yoast SEO plugin v27.4 - https:\/\/yoast.com\/product\/yoast-seo-wordpress\/ -->\n<title>Politique relative aux cookies - Lotustile<\/title>\n<meta name=\"robots\" content=\"noindex, follow\" \/>\n<meta property=\"og:locale\" content=\"fr_FR\" \/>\n<meta property=\"og:type\" content=\"article\" \/>\n<meta property=\"og:title\" content=\"Politique relative aux cookies - Lotustile\" \/>\n<meta property=\"og:description\" content=\"Que sont les cookies\u00a0? En anglais, le terme \u00ab\u00a0cookie\u00a0\u00bb signifie \u00ab\u00a0cookie\u00a0\u00bb, mais dans le contexte de la navigation web, un \u00ab\u00a0cookie\u00a0\u00bb a une signification compl\u00e8tement diff\u00e9rente. Lorsque vous acc\u00e9dez \u00e0 notre site web, un petit texte appel\u00e9 \u00ab\u00a0cookie\u00a0\u00bb est stock\u00e9 dans le navigateur de votre appareil. Ce texte contient diverses informations sur vos habitudes de [&hellip;]\" \/>\n<meta property=\"og:url\" content=\"https:\/\/lotustilesl.com\/fr\/politique-relative-aux-cookies\/\" \/>\n<meta property=\"og:site_name\" content=\"Lotustile\" \/>\n<meta property=\"article:modified_time\" content=\"2025-08-26T08:13:04+00:00\" \/>\n<meta name=\"twitter:card\" content=\"summary_large_image\" \/>\n<meta name=\"twitter:label1\" content=\"Dur\u00e9e de lecture estim\u00e9e\" \/>\n\t<meta name=\"twitter:data1\" content=\"5 minutes\" \/>\n<script type=\"application\/ld+json\" class=\"yoast-schema-graph\">{\"@context\":\"https:\\\/\\\/schema.org\",\"@graph\":[{\"@type\":\"WebPage\",\"@id\":\"https:\\\/\\\/lotustilesl.com\\\/fr\\\/politique-relative-aux-cookies\\\/\",\"url\":\"https:\\\/\\\/lotustilesl.com\\\/fr\\\/politique-relative-aux-cookies\\\/\",\"name\":\"Politique relative aux cookies - Lotustile\",\"isPartOf\":{\"@id\":\"https:\\\/\\\/lotustilesl.com\\\/fr\\\/#website\"},\"datePublished\":\"2025-08-26T08:09:25+00:00\",\"dateModified\":\"2025-08-26T08:13:04+00:00\",\"breadcrumb\":{\"@id\":\"https:\\\/\\\/lotustilesl.com\\\/fr\\\/politique-relative-aux-cookies\\\/#breadcrumb\"},\"inLanguage\":\"fr-FR\",\"potentialAction\":[{\"@type\":\"ReadAction\",\"target\":[\"https:\\\/\\\/lotustilesl.com\\\/fr\\\/politique-relative-aux-cookies\\\/\"]}]},{\"@type\":\"BreadcrumbList\",\"@id\":\"https:\\\/\\\/lotustilesl.com\\\/fr\\\/politique-relative-aux-cookies\\\/#breadcrumb\",\"itemListElement\":[{\"@type\":\"ListItem\",\"position\":1,\"name\":\"Portada\",\"item\":\"https:\\\/\\\/lotustilesl.com\\\/fr\\\/\"},{\"@type\":\"ListItem\",\"position\":2,\"name\":\"Politique relative aux cookies\"}]},{\"@type\":\"WebSite\",\"@id\":\"https:\\\/\\\/lotustilesl.com\\\/fr\\\/#website\",\"url\":\"https:\\\/\\\/lotustilesl.com\\\/fr\\\/\",\"name\":\"Lotustile\",\"description\":\"\",\"publisher\":{\"@id\":\"https:\\\/\\\/lotustilesl.com\\\/fr\\\/#organization\"},\"potentialAction\":[{\"@type\":\"SearchAction\",\"target\":{\"@type\":\"EntryPoint\",\"urlTemplate\":\"https:\\\/\\\/lotustilesl.com\\\/fr\\\/?s={search_term_string}\"},\"query-input\":{\"@type\":\"PropertyValueSpecification\",\"valueRequired\":true,\"valueName\":\"search_term_string\"}}],\"inLanguage\":\"fr-FR\"},{\"@type\":\"Organization\",\"@id\":\"https:\\\/\\\/lotustilesl.com\\\/fr\\\/#organization\",\"name\":\"Lotustile\",\"url\":\"https:\\\/\\\/lotustilesl.com\\\/fr\\\/\",\"logo\":{\"@type\":\"ImageObject\",\"inLanguage\":\"fr-FR\",\"@id\":\"https:\\\/\\\/lotustilesl.com\\\/fr\\\/#\\\/schema\\\/logo\\\/image\\\/\",\"url\":\"https:\\\/\\\/lotustilesl.com\\\/wp-content\\\/uploads\\\/2025\\\/08\\\/cropped-lotustile-logo.webp\",\"contentUrl\":\"https:\\\/\\\/lotustilesl.com\\\/wp-content\\\/uploads\\\/2025\\\/08\\\/cropped-lotustile-logo.webp\",\"width\":1239,\"height\":181,\"caption\":\"Lotustile\"},\"image\":{\"@id\":\"https:\\\/\\\/lotustilesl.com\\\/fr\\\/#\\\/schema\\\/logo\\\/image\\\/\"}}]}<\/script>\n<!-- \/ Yoast SEO plugin. -->","yoast_head_json":{"title":"Politique relative aux cookies - Lotustile","robots":{"index":"noindex","follow":"follow"},"og_locale":"fr_FR","og_type":"article","og_title":"Politique relative aux cookies - Lotustile","og_description":"Que sont les cookies\u00a0? En anglais, le terme \u00ab\u00a0cookie\u00a0\u00bb signifie \u00ab\u00a0cookie\u00a0\u00bb, mais dans le contexte de la navigation web, un \u00ab\u00a0cookie\u00a0\u00bb a une signification compl\u00e8tement diff\u00e9rente. Lorsque vous acc\u00e9dez \u00e0 notre site web, un petit texte appel\u00e9 \u00ab\u00a0cookie\u00a0\u00bb est stock\u00e9 dans le navigateur de votre appareil. Ce texte contient diverses informations sur vos habitudes de [&hellip;]","og_url":"https:\/\/lotustilesl.com\/fr\/politique-relative-aux-cookies\/","og_site_name":"Lotustile","article_modified_time":"2025-08-26T08:13:04+00:00","twitter_card":"summary_large_image","twitter_misc":{"Dur\u00e9e de lecture estim\u00e9e":"5 minutes"},"schema":{"@context":"https:\/\/schema.org","@graph":[{"@type":"WebPage","@id":"https:\/\/lotustilesl.com\/fr\/politique-relative-aux-cookies\/","url":"https:\/\/lotustilesl.com\/fr\/politique-relative-aux-cookies\/","name":"Politique relative aux cookies - Lotustile","isPartOf":{"@id":"https:\/\/lotustilesl.com\/fr\/#website"},"datePublished":"2025-08-26T08:09:25+00:00","dateModified":"2025-08-26T08:13:04+00:00","breadcrumb":{"@id":"https:\/\/lotustilesl.com\/fr\/politique-relative-aux-cookies\/#breadcrumb"},"inLanguage":"fr-FR","potentialAction":[{"@type":"ReadAction","target":["https:\/\/lotustilesl.com\/fr\/politique-relative-aux-cookies\/"]}]},{"@type":"BreadcrumbList","@id":"https:\/\/lotustilesl.com\/fr\/politique-relative-aux-cookies\/#breadcrumb","itemListElement":[{"@type":"ListItem","position":1,"name":"Portada","item":"https:\/\/lotustilesl.com\/fr\/"},{"@type":"ListItem","position":2,"name":"Politique relative aux cookies"}]},{"@type":"WebSite","@id":"https:\/\/lotustilesl.com\/fr\/#website","url":"https:\/\/lotustilesl.com\/fr\/","name":"Lotustile","description":"","publisher":{"@id":"https:\/\/lotustilesl.com\/fr\/#organization"},"potentialAction":[{"@type":"SearchAction","target":{"@type":"EntryPoint","urlTemplate":"https:\/\/lotustilesl.com\/fr\/?s={search_term_string}"},"query-input":{"@type":"PropertyValueSpecification","valueRequired":true,"valueName":"search_term_string"}}],"inLanguage":"fr-FR"},{"@type":"Organization","@id":"https:\/\/lotustilesl.com\/fr\/#organization","name":"Lotustile","url":"https:\/\/lotustilesl.com\/fr\/","logo":{"@type":"ImageObject","inLanguage":"fr-FR","@id":"https:\/\/lotustilesl.com\/fr\/#\/schema\/logo\/image\/","url":"https:\/\/lotustilesl.com\/wp-content\/uploads\/2025\/08\/cropped-lotustile-logo.webp","contentUrl":"https:\/\/lotustilesl.com\/wp-content\/uploads\/2025\/08\/cropped-lotustile-logo.webp","width":1239,"height":181,"caption":"Lotustile"},"image":{"@id":"https:\/\/lotustilesl.com\/fr\/#\/schema\/logo\/image\/"}}]}},"_links":{"self":[{"href":"https:\/\/lotustilesl.com\/fr\/wp-json\/wp\/v2\/pages\/2255","targetHints":{"allow":["GET"]}}],"collection":[{"href":"https:\/\/lotustilesl.com\/fr\/wp-json\/wp\/v2\/pages"}],"about":[{"href":"https:\/\/lotustilesl.com\/fr\/wp-json\/wp\/v2\/types\/page"}],"author":[{"embeddable":true,"href":"https:\/\/lotustilesl.com\/fr\/wp-json\/wp\/v2\/users\/1"}],"replies":[{"embeddable":true,"href":"https:\/\/lotustilesl.com\/fr\/wp-json\/wp\/v2\/comments?post=2255"}],"version-history":[{"count":1,"href":"https:\/\/lotustilesl.com\/fr\/wp-json\/wp\/v2\/pages\/2255\/revisions"}],"predecessor-version":[{"id":2256,"href":"https:\/\/lotustilesl.com\/fr\/wp-json\/wp\/v2\/pages\/2255\/revisions\/2256"}],"wp:attachment":[{"href":"https:\/\/lotustilesl.com\/fr\/wp-json\/wp\/v2\/media?parent=2255"}],"curies":[{"name":"wp","href":"https:\/\/api.w.org\/{rel}","templated":true}]}}