{"id":2249,"date":"2025-08-26T10:02:02","date_gmt":"2025-08-26T08:02:02","guid":{"rendered":"https:\/\/lotustilesl.com\/?page_id=2249"},"modified":"2025-08-26T10:02:03","modified_gmt":"2025-08-26T08:02:03","slug":"mentions-legales","status":"publish","type":"page","link":"https:\/\/lotustilesl.com\/fr\/mentions-legales\/","title":{"rendered":"Mentions l\u00e9gales"},"content":{"rendered":"\n<h2 class=\"wp-block-heading\">Identification et propri\u00e9t\u00e9<br><\/h2>\n\n\n\n<p>Conform\u00e9ment \u00e0 l&rsquo;article 10 de la loi 34\/2002 du 11 juillet relative aux services de la soci\u00e9t\u00e9 de l&rsquo;information et au commerce \u00e9lectronique, le Propri\u00e9taire fournit ses informations d&rsquo;identification\u00a0:<\/p>\n\n\n\n<p>Propri\u00e9taire\u00a0: Lotustile SL.<br>Num\u00e9ro d&rsquo;identification fiscale\u00a0: B12904454<br>Adresse\u00a0: Avinguda Mediterrani, 142, 12200 Onda, Castell\u00f3n &#8211; Espagne.<br>Courriel\u00a0: info@lotustilesl.com<br>Num\u00e9ro de t\u00e9l\u00e9phone\u00a0: 964 26 05 48<br>Site web\u00a0: https:\/\/lotustilesl.com<br><\/p>\n\n\n\n<h2 class=\"wp-block-heading\">Conditions d&rsquo;utilisation<br><\/h2>\n\n\n\n<p>L&rsquo;utilisation du Site web vous conf\u00e8re le statut d&rsquo;Utilisateur et implique l&rsquo;acceptation pleine et enti\u00e8re de l&rsquo;ensemble des conditions d&rsquo;utilisation figurant sur les pages\u00a0:<\/p>\n\n\n\n<p>Mentions l\u00e9gales<br>Politique de confidentialit\u00e9<br>Politique relative aux cookies<br>Si vous n&rsquo;acceptez pas l&rsquo;int\u00e9gralit\u00e9 des pr\u00e9sentes conditions g\u00e9n\u00e9rales, veuillez vous abstenir d&rsquo;utiliser le Site web.<\/p>\n\n\n\n<p>L&rsquo;acc\u00e8s au Site Web n&rsquo;implique en aucun cas le d\u00e9but d&rsquo;une relation commerciale avec le Propri\u00e9taire.<\/p>\n\n\n\n<p>Par l&rsquo;interm\u00e9diaire du Site Web, le Propri\u00e9taire vous permet d&rsquo;acc\u00e9der et d&rsquo;utiliser divers contenus publi\u00e9s en ligne par lui-m\u00eame et\/ou ses collaborateurs.<\/p>\n\n\n\n<p>\u00c0 cet effet, vous vous engagez \u00e0 NE PAS utiliser le contenu du Site Web \u00e0 des fins ou effets illicites, interdits par les pr\u00e9sentes Mentions L\u00e9gales ou par la l\u00e9gislation en vigueur, portant atteinte aux droits et int\u00e9r\u00eats de tiers, ou susceptibles d&rsquo;endommager, de rendre inutilisables, de surcharger, de d\u00e9t\u00e9riorer ou d&rsquo;entraver l&rsquo;utilisation normale du contenu, des \u00e9quipements informatiques, des documents, des fichiers et de tout type de contenu stock\u00e9 sur tout \u00e9quipement informatique appartenant au Propri\u00e9taire, \u00e0 d&rsquo;autres utilisateurs ou \u00e0 tout internaute.<\/p>\n\n\n\n<h2 class=\"wp-block-heading\">Mesures de s\u00e9curit\u00e9<br><\/h2>\n\n\n\n<p>Les donn\u00e9es personnelles que vous fournissez au Responsable du traitement peuvent \u00eatre stock\u00e9es dans des bases de donn\u00e9es automatis\u00e9es ou non, dont le Responsable du traitement est l&rsquo;unique propri\u00e9taire. Ce dernier prend toutes les mesures techniques, organisationnelles et de s\u00e9curit\u00e9 n\u00e9cessaires pour garantir la confidentialit\u00e9, l&rsquo;int\u00e9grit\u00e9 et la qualit\u00e9 des informations qu&rsquo;elles contiennent, conform\u00e9ment \u00e0 la r\u00e9glementation en vigueur en mati\u00e8re de protection des donn\u00e9es.<\/p>\n\n\n\n<p>Toutefois, vous devez \u00eatre conscient que les mesures de s\u00e9curit\u00e9 des syst\u00e8mes informatiques sur Internet ne sont pas enti\u00e8rement fiables et que, par cons\u00e9quent, le Responsable du traitement ne peut garantir l&rsquo;absence de virus ou d&rsquo;autres \u00e9l\u00e9ments susceptibles d&rsquo;alt\u00e9rer les syst\u00e8mes informatiques (logiciels et mat\u00e9riels) de l&rsquo;Utilisateur ou les documents et fichiers \u00e9lectroniques qu&rsquo;ils contiennent. Cependant, le Responsable du traitement met en \u0153uvre tous les moyens n\u00e9cessaires et prend les mesures de s\u00e9curit\u00e9 appropri\u00e9es pour pr\u00e9venir la pr\u00e9sence de ces \u00e9l\u00e9ments nuisibles.<\/p>\n\n\n\n<h2 class=\"wp-block-heading\">Traitement des donn\u00e9es personnelles<br><\/h2>\n\n\n\n<p>Vous pouvez consulter toutes les informations relatives au traitement des donn\u00e9es personnelles collect\u00e9es par le Responsable du traitement sur la page Politique de confidentialit\u00e9.<\/p>\n\n\n\n<h2 class=\"wp-block-heading\">Contenu<br><\/h2>\n\n\n\n<p>Le Propri\u00e9taire a obtenu les informations, le contenu multim\u00e9dia et les documents inclus sur le Site Web aupr\u00e8s de sources qu&rsquo;il consid\u00e8re fiables. Cependant, bien qu&rsquo;il ait pris toutes les mesures raisonnables pour garantir l&rsquo;exactitude des informations contenues, le Propri\u00e9taire ne garantit pas leur exactitude, leur exhaustivit\u00e9 ou leur actualit\u00e9. Le Propri\u00e9taire d\u00e9cline express\u00e9ment toute responsabilit\u00e9 quant aux erreurs ou omissions dans les informations contenues sur les pages du Site Web.<\/p>\n\n\n\n<p>Il est interdit de transmettre ou d&rsquo;envoyer via le Site Web tout contenu ill\u00e9gal ou illicite, virus informatiques ou messages qui, de mani\u00e8re g\u00e9n\u00e9rale, portent atteinte aux droits du Propri\u00e9taire ou de tiers.<\/p>\n\n\n\n<p>Le contenu du Site Web est fourni \u00e0 titre informatif uniquement et ne doit en aucun cas \u00eatre utilis\u00e9 ou consid\u00e9r\u00e9 comme une offre de vente, une sollicitation d&rsquo;achat ou une recommandation d&rsquo;effectuer toute autre transaction, sauf mention expresse.<\/p>\n\n\n\n<p>Le Propri\u00e9taire se r\u00e9serve le droit de modifier, suspendre, annuler ou restreindre le contenu du Site Web, les liens ou les informations obtenues via le Site Web, sans pr\u00e9avis.<\/p>\n\n\n\n<p>Le Propri\u00e9taire d\u00e9cline toute responsabilit\u00e9 quant aux dommages pouvant r\u00e9sulter de l&rsquo;utilisation des informations du Site Web.<\/p>\n\n\n\n<h2 class=\"wp-block-heading\">Politique relative aux cookies<br><\/h2>\n\n\n\n<p>Vous pouvez consulter toutes les informations concernant la politique de collecte et de traitement des cookies sur la page Politique relative aux cookies.<\/p>\n\n\n\n<h2 class=\"wp-block-heading\">Liens vers d&rsquo;autres sites Web<br><\/h2>\n\n\n\n<p>Le Propri\u00e9taire peut vous donner acc\u00e8s \u00e0 des sites Web tiers par le biais de liens, uniquement pour vous informer de l&rsquo;existence d&rsquo;autres sources d&rsquo;information sur Internet vous permettant d&rsquo;approfondir les informations propos\u00e9es sur le Site Web.<\/p>\n\n\n\n<p>Ces liens vers d&rsquo;autres sites web ne constituent en aucun cas une suggestion ou une recommandation de visiter les sites web de destination, lesquels \u00e9chappent au contr\u00f4le du Propri\u00e9taire. Par cons\u00e9quent, le Propri\u00e9taire n&rsquo;est pas responsable du contenu des sites web li\u00e9s ni des r\u00e9sultats obtenus en les suivant. De m\u00eame, le Propri\u00e9taire n&rsquo;est pas responsable des liens figurant sur les sites web li\u00e9s auxquels il vous donne acc\u00e8s.<\/p>\n\n\n\n<p>L&rsquo;\u00e9tablissement d&rsquo;un lien n&rsquo;implique en aucun cas l&rsquo;existence d&rsquo;une relation entre le Propri\u00e9taire et le propri\u00e9taire du site vers lequel le lien est \u00e9tabli, ni l&rsquo;acceptation ou l&rsquo;approbation par le Propri\u00e9taire de ses contenus ou services.<\/p>\n\n\n\n<p>Si vous acc\u00e9dez \u00e0 un site web externe via un lien pr\u00e9sent sur le Site web, vous devez lire la politique de confidentialit\u00e9 de cet autre site web, qui peut diff\u00e9rer de celle du pr\u00e9sent Site web.<\/p>\n\n\n\n<h2 class=\"wp-block-heading\">Propri\u00e9t\u00e9 intellectuelle et industrielle<br><\/h2>\n\n\n\n<p>Tous droits r\u00e9serv\u00e9s.<\/p>\n\n\n\n<p>Tout acc\u00e8s \u00e0 ce Site web est soumis aux conditions suivantes&nbsp;: la reproduction, le stockage permanent et la diffusion du contenu, ainsi que toute autre utilisation \u00e0 des fins publiques ou commerciales, sont express\u00e9ment interdits sans l&rsquo;autorisation \u00e9crite pr\u00e9alable du Propri\u00e9taire.<\/p>\n\n\n\n<h2 class=\"wp-block-heading\">Limitation de responsabilit\u00e9<br><\/h2>\n\n\n\n<p>Les informations et services inclus ou disponibles sur le Site web peuvent contenir des inexactitudes ou des erreurs typographiques. Le Propri\u00e9taire apporte p\u00e9riodiquement des am\u00e9liorations et\/ou des modifications aux informations contenues et\/ou aux Services, qu&rsquo;il peut introduire \u00e0 tout moment.<\/p>\n\n\n\n<p>Le Propri\u00e9taire ne garantit pas que les services ou le contenu seront ininterrompus ou exempts d&rsquo;erreurs, que les d\u00e9fauts seront corrig\u00e9s, ni que le service ou le serveur qui les met \u00e0 disposition sont exempts de virus ou d&rsquo;autres composants nuisibles. Cependant, le Propri\u00e9taire met tout en \u0153uvre pour pr\u00e9venir de tels incidents.<\/p>\n\n\n\n<p>Le Propri\u00e9taire d\u00e9cline toute responsabilit\u00e9 en cas d&rsquo;interruption ou de dysfonctionnement des Services ou du contenu propos\u00e9s en ligne, quelle qu&rsquo;en soit la cause. De m\u00eame, le Propri\u00e9taire n&rsquo;est pas responsable des pannes de r\u00e9seau, des pertes d&rsquo;activit\u00e9 r\u00e9sultant de ces pannes, des coupures de courant temporaires ou de tout autre dommage indirect qui pourrait vous \u00eatre caus\u00e9 sans faute du Propri\u00e9taire.<\/p>\n\n\n\n<p>Avant de prendre des d\u00e9cisions et\/ou d&rsquo;entreprendre des actions sur la base des informations contenues sur le Site Web, le Propri\u00e9taire vous recommande de v\u00e9rifier et de comparer les informations re\u00e7ues avec d&rsquo;autres sources.<\/p>\n\n\n\n<h2 class=\"wp-block-heading\">Juridiction comp\u00e9tente<br><\/h2>\n\n\n\n<p>Ces mentions l\u00e9gales sont enti\u00e8rement r\u00e9gies par le droit espagnol.<\/p>\n\n\n\n<p>Sauf disposition l\u00e9gale contraire, pour toute question relative \u00e0 l&rsquo;interpr\u00e9tation, \u00e0 l&rsquo;application et au respect des pr\u00e9sentes Mentions l\u00e9gales, ainsi que pour toute r\u00e9clamation d\u00e9coulant de leur utilisation, les parties conviennent de se soumettre aux tribunaux de la province de Castell\u00f3n, renon\u00e7ant express\u00e9ment \u00e0 toute autre juridiction.<\/p>\n\n\n\n<h2 class=\"wp-block-heading\">Contact<br><\/h2>\n\n\n\n<p>Pour toute question concernant les pr\u00e9sentes Mentions l\u00e9gales ou tout commentaire concernant le site web, vous pouvez envoyer un e-mail \u00e0 info@lotustilesl.com<\/p>\n","protected":false},"excerpt":{"rendered":"<p>Identification et propri\u00e9t\u00e9 Conform\u00e9ment \u00e0 l&rsquo;article 10 de la loi 34\/2002 du 11 juillet relative aux services de la soci\u00e9t\u00e9 de l&rsquo;information et au commerce \u00e9lectronique, le Propri\u00e9taire fournit ses informations d&rsquo;identification\u00a0: Propri\u00e9taire\u00a0: Lotustile SL.Num\u00e9ro d&rsquo;identification fiscale\u00a0: B12904454Adresse\u00a0: Avinguda Mediterrani, 142, 12200 Onda, Castell\u00f3n &#8211; Espagne.Courriel\u00a0: info@lotustilesl.comNum\u00e9ro de t\u00e9l\u00e9phone\u00a0: 964 26 05 48Site web\u00a0: https:\/\/lotustilesl.com [&hellip;]<\/p>\n","protected":false},"author":1,"featured_media":0,"parent":0,"menu_order":0,"comment_status":"closed","ping_status":"closed","template":"","meta":{"_acf_changed":false,"footnotes":""},"class_list":["post-2249","page","type-page","status-publish","hentry"],"acf":[],"yoast_head":"<!-- This site is optimized with the Yoast SEO plugin v27.4 - https:\/\/yoast.com\/product\/yoast-seo-wordpress\/ -->\n<title>Mentions l\u00e9gales - Lotustile<\/title>\n<meta name=\"robots\" content=\"noindex, follow\" \/>\n<meta property=\"og:locale\" content=\"fr_FR\" \/>\n<meta property=\"og:type\" content=\"article\" \/>\n<meta property=\"og:title\" content=\"Mentions l\u00e9gales - Lotustile\" \/>\n<meta property=\"og:description\" content=\"Identification et propri\u00e9t\u00e9 Conform\u00e9ment \u00e0 l&rsquo;article 10 de la loi 34\/2002 du 11 juillet relative aux services de la soci\u00e9t\u00e9 de l&rsquo;information et au commerce \u00e9lectronique, le Propri\u00e9taire fournit ses informations d&rsquo;identification\u00a0: Propri\u00e9taire\u00a0: Lotustile SL.Num\u00e9ro d&rsquo;identification fiscale\u00a0: B12904454Adresse\u00a0: Avinguda Mediterrani, 142, 12200 Onda, Castell\u00f3n &#8211; Espagne.Courriel\u00a0: info@lotustilesl.comNum\u00e9ro de t\u00e9l\u00e9phone\u00a0: 964 26 05 48Site web\u00a0: https:\/\/lotustilesl.com [&hellip;]\" \/>\n<meta property=\"og:url\" content=\"https:\/\/lotustilesl.com\/fr\/mentions-legales\/\" \/>\n<meta property=\"og:site_name\" content=\"Lotustile\" \/>\n<meta property=\"article:modified_time\" content=\"2025-08-26T08:02:03+00:00\" \/>\n<meta name=\"twitter:card\" content=\"summary_large_image\" \/>\n<meta name=\"twitter:label1\" content=\"Dur\u00e9e de lecture estim\u00e9e\" \/>\n\t<meta name=\"twitter:data1\" content=\"6 minutes\" \/>\n<script type=\"application\/ld+json\" class=\"yoast-schema-graph\">{\"@context\":\"https:\\\/\\\/schema.org\",\"@graph\":[{\"@type\":\"WebPage\",\"@id\":\"https:\\\/\\\/lotustilesl.com\\\/fr\\\/mentions-legales\\\/\",\"url\":\"https:\\\/\\\/lotustilesl.com\\\/fr\\\/mentions-legales\\\/\",\"name\":\"Mentions l\u00e9gales - Lotustile\",\"isPartOf\":{\"@id\":\"https:\\\/\\\/lotustilesl.com\\\/fr\\\/#website\"},\"datePublished\":\"2025-08-26T08:02:02+00:00\",\"dateModified\":\"2025-08-26T08:02:03+00:00\",\"breadcrumb\":{\"@id\":\"https:\\\/\\\/lotustilesl.com\\\/fr\\\/mentions-legales\\\/#breadcrumb\"},\"inLanguage\":\"fr-FR\",\"potentialAction\":[{\"@type\":\"ReadAction\",\"target\":[\"https:\\\/\\\/lotustilesl.com\\\/fr\\\/mentions-legales\\\/\"]}]},{\"@type\":\"BreadcrumbList\",\"@id\":\"https:\\\/\\\/lotustilesl.com\\\/fr\\\/mentions-legales\\\/#breadcrumb\",\"itemListElement\":[{\"@type\":\"ListItem\",\"position\":1,\"name\":\"Portada\",\"item\":\"https:\\\/\\\/lotustilesl.com\\\/fr\\\/\"},{\"@type\":\"ListItem\",\"position\":2,\"name\":\"Mentions l\u00e9gales\"}]},{\"@type\":\"WebSite\",\"@id\":\"https:\\\/\\\/lotustilesl.com\\\/fr\\\/#website\",\"url\":\"https:\\\/\\\/lotustilesl.com\\\/fr\\\/\",\"name\":\"Lotustile\",\"description\":\"\",\"publisher\":{\"@id\":\"https:\\\/\\\/lotustilesl.com\\\/fr\\\/#organization\"},\"potentialAction\":[{\"@type\":\"SearchAction\",\"target\":{\"@type\":\"EntryPoint\",\"urlTemplate\":\"https:\\\/\\\/lotustilesl.com\\\/fr\\\/?s={search_term_string}\"},\"query-input\":{\"@type\":\"PropertyValueSpecification\",\"valueRequired\":true,\"valueName\":\"search_term_string\"}}],\"inLanguage\":\"fr-FR\"},{\"@type\":\"Organization\",\"@id\":\"https:\\\/\\\/lotustilesl.com\\\/fr\\\/#organization\",\"name\":\"Lotustile\",\"url\":\"https:\\\/\\\/lotustilesl.com\\\/fr\\\/\",\"logo\":{\"@type\":\"ImageObject\",\"inLanguage\":\"fr-FR\",\"@id\":\"https:\\\/\\\/lotustilesl.com\\\/fr\\\/#\\\/schema\\\/logo\\\/image\\\/\",\"url\":\"https:\\\/\\\/lotustilesl.com\\\/wp-content\\\/uploads\\\/2025\\\/08\\\/cropped-lotustile-logo.webp\",\"contentUrl\":\"https:\\\/\\\/lotustilesl.com\\\/wp-content\\\/uploads\\\/2025\\\/08\\\/cropped-lotustile-logo.webp\",\"width\":1239,\"height\":181,\"caption\":\"Lotustile\"},\"image\":{\"@id\":\"https:\\\/\\\/lotustilesl.com\\\/fr\\\/#\\\/schema\\\/logo\\\/image\\\/\"}}]}<\/script>\n<!-- \/ Yoast SEO plugin. -->","yoast_head_json":{"title":"Mentions l\u00e9gales - Lotustile","robots":{"index":"noindex","follow":"follow"},"og_locale":"fr_FR","og_type":"article","og_title":"Mentions l\u00e9gales - Lotustile","og_description":"Identification et propri\u00e9t\u00e9 Conform\u00e9ment \u00e0 l&rsquo;article 10 de la loi 34\/2002 du 11 juillet relative aux services de la soci\u00e9t\u00e9 de l&rsquo;information et au commerce \u00e9lectronique, le Propri\u00e9taire fournit ses informations d&rsquo;identification\u00a0: Propri\u00e9taire\u00a0: Lotustile SL.Num\u00e9ro d&rsquo;identification fiscale\u00a0: B12904454Adresse\u00a0: Avinguda Mediterrani, 142, 12200 Onda, Castell\u00f3n &#8211; Espagne.Courriel\u00a0: info@lotustilesl.comNum\u00e9ro de t\u00e9l\u00e9phone\u00a0: 964 26 05 48Site web\u00a0: https:\/\/lotustilesl.com [&hellip;]","og_url":"https:\/\/lotustilesl.com\/fr\/mentions-legales\/","og_site_name":"Lotustile","article_modified_time":"2025-08-26T08:02:03+00:00","twitter_card":"summary_large_image","twitter_misc":{"Dur\u00e9e de lecture estim\u00e9e":"6 minutes"},"schema":{"@context":"https:\/\/schema.org","@graph":[{"@type":"WebPage","@id":"https:\/\/lotustilesl.com\/fr\/mentions-legales\/","url":"https:\/\/lotustilesl.com\/fr\/mentions-legales\/","name":"Mentions l\u00e9gales - Lotustile","isPartOf":{"@id":"https:\/\/lotustilesl.com\/fr\/#website"},"datePublished":"2025-08-26T08:02:02+00:00","dateModified":"2025-08-26T08:02:03+00:00","breadcrumb":{"@id":"https:\/\/lotustilesl.com\/fr\/mentions-legales\/#breadcrumb"},"inLanguage":"fr-FR","potentialAction":[{"@type":"ReadAction","target":["https:\/\/lotustilesl.com\/fr\/mentions-legales\/"]}]},{"@type":"BreadcrumbList","@id":"https:\/\/lotustilesl.com\/fr\/mentions-legales\/#breadcrumb","itemListElement":[{"@type":"ListItem","position":1,"name":"Portada","item":"https:\/\/lotustilesl.com\/fr\/"},{"@type":"ListItem","position":2,"name":"Mentions l\u00e9gales"}]},{"@type":"WebSite","@id":"https:\/\/lotustilesl.com\/fr\/#website","url":"https:\/\/lotustilesl.com\/fr\/","name":"Lotustile","description":"","publisher":{"@id":"https:\/\/lotustilesl.com\/fr\/#organization"},"potentialAction":[{"@type":"SearchAction","target":{"@type":"EntryPoint","urlTemplate":"https:\/\/lotustilesl.com\/fr\/?s={search_term_string}"},"query-input":{"@type":"PropertyValueSpecification","valueRequired":true,"valueName":"search_term_string"}}],"inLanguage":"fr-FR"},{"@type":"Organization","@id":"https:\/\/lotustilesl.com\/fr\/#organization","name":"Lotustile","url":"https:\/\/lotustilesl.com\/fr\/","logo":{"@type":"ImageObject","inLanguage":"fr-FR","@id":"https:\/\/lotustilesl.com\/fr\/#\/schema\/logo\/image\/","url":"https:\/\/lotustilesl.com\/wp-content\/uploads\/2025\/08\/cropped-lotustile-logo.webp","contentUrl":"https:\/\/lotustilesl.com\/wp-content\/uploads\/2025\/08\/cropped-lotustile-logo.webp","width":1239,"height":181,"caption":"Lotustile"},"image":{"@id":"https:\/\/lotustilesl.com\/fr\/#\/schema\/logo\/image\/"}}]}},"_links":{"self":[{"href":"https:\/\/lotustilesl.com\/fr\/wp-json\/wp\/v2\/pages\/2249","targetHints":{"allow":["GET"]}}],"collection":[{"href":"https:\/\/lotustilesl.com\/fr\/wp-json\/wp\/v2\/pages"}],"about":[{"href":"https:\/\/lotustilesl.com\/fr\/wp-json\/wp\/v2\/types\/page"}],"author":[{"embeddable":true,"href":"https:\/\/lotustilesl.com\/fr\/wp-json\/wp\/v2\/users\/1"}],"replies":[{"embeddable":true,"href":"https:\/\/lotustilesl.com\/fr\/wp-json\/wp\/v2\/comments?post=2249"}],"version-history":[{"count":1,"href":"https:\/\/lotustilesl.com\/fr\/wp-json\/wp\/v2\/pages\/2249\/revisions"}],"predecessor-version":[{"id":2250,"href":"https:\/\/lotustilesl.com\/fr\/wp-json\/wp\/v2\/pages\/2249\/revisions\/2250"}],"wp:attachment":[{"href":"https:\/\/lotustilesl.com\/fr\/wp-json\/wp\/v2\/media?parent=2249"}],"curies":[{"name":"wp","href":"https:\/\/api.w.org\/{rel}","templated":true}]}}