{"id":2243,"date":"2025-07-22T12:00:18","date_gmt":"2025-07-22T10:00:18","guid":{"rendered":"https:\/\/lotustilesl.com\/?page_id=2243"},"modified":"2025-08-26T09:49:01","modified_gmt":"2025-08-26T07:49:01","slug":"politique-de-confidentialite","status":"publish","type":"page","link":"https:\/\/lotustilesl.com\/fr\/politique-de-confidentialite\/","title":{"rendered":"Politique de confidentialit\u00e9"},"content":{"rendered":"\n<p>Le Propri\u00e9taire vous informe de sa Politique de Confidentialit\u00e9 concernant le traitement et la protection des donn\u00e9es personnelles des utilisateurs susceptibles d&rsquo;\u00eatre collect\u00e9es lors de leur navigation sur le Site web&nbsp;: <a href=\"https:\/\/lotustilesl.com\/fr\/\">https:\/\/lotustilesl.com\/fr<\/a> <\/p>\n\n\n\n<p>\u00c0 cet \u00e9gard, le Propri\u00e9taire garantit le respect de la r\u00e9glementation en vigueur en mati\u00e8re de protection des donn\u00e9es personnelles, telle que refl\u00e9t\u00e9e dans la Loi organique 3\/2018 du 5 d\u00e9cembre relative \u00e0 la protection des donn\u00e9es personnelles et \u00e0 la garantie des droits num\u00e9riques (LOPD GDD). Il se conforme \u00e9galement au R\u00e8glement (UE) 2016\/679 du Parlement europ\u00e9en et du Conseil du 27 avril 2016 relatif \u00e0 la protection des personnes physiques (RGPD).<\/p>\n\n\n\n<p>L&rsquo;utilisation du Site web implique l&rsquo;acceptation de la pr\u00e9sente Politique de Confidentialit\u00e9 ainsi que des conditions \u00e9nonc\u00e9es dans les Mentions L\u00e9gales.<\/p>\n\n\n\n<h2 class=\"wp-block-heading\">Identit\u00e9 du Responsable du Traitement<\/h2>\n\n\n\n<p>Responsable du Traitement\u00a0: Lotustile SL.<br>NIF\u00a0: B12904454<br>Adresse\u00a0: Avinguda Mediterrani, 142, 12200 Onda, Castell\u00f3n &#8211; Espagne.<br>Courriel\u00a0: info@lotustilesl.com<br>Num\u00e9ro de t\u00e9l\u00e9phone\u00a0: 964 26 05 48<br>Site web\u00a0: https:\/\/lotustilesl.com<br><\/p>\n\n\n\n<h2 class=\"wp-block-heading\">Principes appliqu\u00e9s au traitement des donn\u00e9es<\/h2>\n\n\n\n<p>Lors du traitement de vos donn\u00e9es personnelles, le Responsable du traitement appliquera les principes suivants, conformes aux exigences du nouveau R\u00e8glement europ\u00e9en sur la protection des donn\u00e9es (RGPD)\u00a0:<\/p>\n\n\n\n<h2 class=\"wp-block-heading\">Principe de l\u00e9galit\u00e9, de loyaut\u00e9 et de transparence&nbsp;<\/h2>\n\n\n\n<p>Le Responsable du traitement exigera toujours le consentement de l\u2019Utilisateur pour le traitement de ses donn\u00e9es personnelles, lequel peut avoir une ou plusieurs finalit\u00e9s sp\u00e9cifiques, dont il informera pr\u00e9alablement l\u2019Utilisateur en toute transparence.<br>Principe de minimisation des donn\u00e9es&nbsp;: Le Responsable du traitement ne demandera que les donn\u00e9es strictement n\u00e9cessaires \u00e0 la ou aux finalit\u00e9s pour lesquelles elles sont demand\u00e9es.<br>Principe de limitation de la conservation&nbsp;: Le Responsable du traitement conservera les donn\u00e9es personnelles collect\u00e9es pendant la dur\u00e9e strictement n\u00e9cessaire \u00e0 la ou aux finalit\u00e9s du traitement. Il informera l\u2019Utilisateur de la dur\u00e9e de conservation correspondante en fonction de la finalit\u00e9.<br>En cas d&rsquo;abonnement, le Responsable du traitement examinera p\u00e9riodiquement les listes et supprimera les enregistrements inactifs depuis longtemps.<br>Principe d&rsquo;int\u00e9grit\u00e9 et de confidentialit\u00e9&nbsp;: Les donn\u00e9es personnelles collect\u00e9es seront trait\u00e9es de mani\u00e8re \u00e0 garantir leur s\u00e9curit\u00e9, leur confidentialit\u00e9 et leur int\u00e9grit\u00e9.<br>Le Responsable du traitement prend les pr\u00e9cautions n\u00e9cessaires pour emp\u00eacher tout acc\u00e8s non autoris\u00e9 ou toute utilisation abusive des donn\u00e9es de ses utilisateurs par des tiers.<\/p>\n\n\n\n<h2 class=\"wp-block-heading\"><br>Collecte de donn\u00e9es personnelles<\/h2>\n\n\n\n<p>Vous n&rsquo;avez pas besoin de fournir de donn\u00e9es personnelles pour naviguer sur le site web.<\/p>\n\n\n\n<h2 class=\"wp-block-heading\">Droits<\/h2>\n\n\n\n<p>Le Responsable du traitement vous informe que, concernant vos donn\u00e9es personnelles, vous avez le droit de\u00a0:<\/p>\n\n\n\n<p>Demander l&rsquo;acc\u00e8s aux donn\u00e9es stock\u00e9es&nbsp;;<\/p>\n\n\n\n<p>Demander leur rectification ou leur suppression&nbsp;;<br>Demander la limitation du traitement&nbsp;;<\/p>\n\n\n\n<p>S&rsquo;opposer au traitement.<br>Vous ne pouvez pas exercer le droit \u00e0 la portabilit\u00e9 des donn\u00e9es.<\/p>\n\n\n\n<p>L&rsquo;exercice de ces droits est personnel et doit donc \u00eatre exerc\u00e9 directement par la personne concern\u00e9e, en le demandant directement au Responsable du traitement. Cela signifie que tout client, abonn\u00e9 ou collaborateur ayant fourni ses donn\u00e9es peut, \u00e0 tout moment, contacter le Responsable du traitement et demander des informations sur les donn\u00e9es stock\u00e9es et leur obtention, demander leur rectification, s&rsquo;opposer \u00e0 leur traitement, en limiter l&rsquo;utilisation ou demander leur suppression des fichiers du Responsable du traitement.<\/p>\n\n\n\n<p>Pour exercer vos droits, vous devez envoyer votre demande accompagn\u00e9e d&rsquo;une photocopie de votre carte nationale d&rsquo;identit\u00e9 ou \u00e9quivalent \u00e0 l&rsquo;adresse e-mail suivante&nbsp;: info@lotustilesl.com<\/p>\n\n\n\n<p>L&rsquo;exercice de ces droits n&rsquo;inclut pas les donn\u00e9es que le Responsable du traitement est tenu de conserver \u00e0 des fins administratives, juridiques ou de s\u00e9curit\u00e9.<\/p>\n\n\n\n<p>Vous avez le droit d&rsquo;obtenir une protection juridictionnelle effective et de d\u00e9poser une plainte aupr\u00e8s de l&rsquo;autorit\u00e9 de contr\u00f4le, en l&rsquo;occurrence l&rsquo;Agence espagnole de protection des donn\u00e9es, si vous estimez que le traitement de vos donn\u00e9es personnelles enfreint le R\u00e8glement.<\/p>\n\n\n\n<h2 class=\"wp-block-heading\">Finalit\u00e9 du traitement des donn\u00e9es personnelles<br><\/h2>\n\n\n\n<p>Lorsque vous vous connectez au site web pour envoyer un e-mail au Propri\u00e9taire ou vous abonner \u00e0 sa newsletter, vous fournissez des informations personnelles dont le Propri\u00e9taire est responsable. Ces informations peuvent inclure des donn\u00e9es personnelles telles que votre adresse IP, vos nom et pr\u00e9nom, votre adresse physique, votre adresse e-mail, votre num\u00e9ro de t\u00e9l\u00e9phone et d&rsquo;autres informations. En fournissant ces informations, vous consentez \u00e0 ce que vos informations soient collect\u00e9es, utilis\u00e9es, g\u00e9r\u00e9es et stock\u00e9es par Lotustile SL, uniquement comme d\u00e9crit dans les pages&nbsp;:<\/p>\n\n\n\n<p>Mentions l\u00e9gales<br>Politique de confidentialit\u00e9<br>Les donn\u00e9es personnelles et la finalit\u00e9 du traitement par le Propri\u00e9taire varient selon le syst\u00e8me de collecte des informations&nbsp;:<\/p>\n\n\n\n<p>Le Propri\u00e9taire traite les donn\u00e9es personnelles \u00e0 d&rsquo;autres fins&nbsp;:<\/p>\n\n\n\n<p>Assurer le respect des conditions \u00e9nonc\u00e9es dans les Mentions l\u00e9gales et de la l\u00e9gislation applicable. Cela peut inclure le d\u00e9veloppement d&rsquo;outils et d&rsquo;algorithmes qui aident le Site Web \u00e0 garantir la confidentialit\u00e9 des donn\u00e9es personnelles collect\u00e9es.<br>Soutenir et am\u00e9liorer les services propos\u00e9s par ce Site Web.<br>Analyser la navigation des utilisateurs. Le Propri\u00e9taire collecte d&rsquo;autres donn\u00e9es non identifiantes obtenues gr\u00e2ce \u00e0 l&rsquo;utilisation de cookies t\u00e9l\u00e9charg\u00e9s sur l&rsquo;ordinateur de l&rsquo;Utilisateur lors de sa navigation sur le Site Web, dont les caract\u00e9ristiques et les finalit\u00e9s sont d\u00e9taill\u00e9es sur la page Politique relative aux cookies.<br><\/p>\n\n\n\n<h2 class=\"wp-block-heading\">S\u00e9curit\u00e9 des donn\u00e9es personnelles<br><\/h2>\n\n\n\n<p>Afin de prot\u00e9ger vos donn\u00e9es personnelles, le Propri\u00e9taire prend toutes les pr\u00e9cautions raisonnables et suit les meilleures pratiques du secteur pour pr\u00e9venir leur perte, leur utilisation abusive, leur acc\u00e8s abusif, leur divulgation, leur alt\u00e9ration ou leur destruction.<\/p>\n\n\n\n<p>Vos donn\u00e9es peuvent \u00eatre int\u00e9gr\u00e9es \u00e0 un fichier de liste de diffusion, dont le Propri\u00e9taire est responsable de la gestion et du traitement. La s\u00e9curit\u00e9 de vos donn\u00e9es est garantie, car le Propri\u00e9taire prend toutes les mesures de s\u00e9curit\u00e9 n\u00e9cessaires et garantit que vos donn\u00e9es personnelles ne seront utilis\u00e9es qu&rsquo;aux fins sp\u00e9cifi\u00e9es.<\/p>\n\n\n\n<p>Le Propri\u00e9taire informe l&rsquo;Utilisateur que ses donn\u00e9es personnelles ne seront pas transf\u00e9r\u00e9es \u00e0 des organisations tierces, sauf si ce transfert de donn\u00e9es est couvert par une obligation l\u00e9gale ou si la fourniture d&rsquo;un service n\u00e9cessite une relation contractuelle avec un sous-traitant. Dans ce dernier cas, les donn\u00e9es ne seront transf\u00e9r\u00e9es \u00e0 un tiers qu&rsquo;avec le consentement expr\u00e8s de l&rsquo;Utilisateur.<\/p>\n\n\n\n<p>Cependant, des collaborations avec d&rsquo;autres professionnels peuvent \u00eatre mises en place. Dans ce cas, le consentement de l&rsquo;Utilisateur sera requis, l&rsquo;informant de l&rsquo;identit\u00e9 du collaborateur et de l&rsquo;objet de la collaboration. Cette collaboration sera toujours r\u00e9alis\u00e9e dans le respect des normes de s\u00e9curit\u00e9 les plus strictes.<\/p>\n\n\n\n<h2 class=\"wp-block-heading\">Contenu provenant d&rsquo;autres sites web<br><\/h2>\n\n\n\n<p>Les pages de ce site web peuvent inclure du contenu int\u00e9gr\u00e9 (par exemple, des vid\u00e9os, des images, des articles, etc.). Le contenu int\u00e9gr\u00e9 provenant d&rsquo;autres sites web se comporte exactement de la m\u00eame mani\u00e8re que si vous aviez visit\u00e9 cet autre site web.<\/p>\n\n\n\n<p>Ces sites web peuvent collecter des donn\u00e9es vous concernant, utiliser des cookies, int\u00e9grer un code de suivi tiers suppl\u00e9mentaire et surveiller vos interactions gr\u00e2ce \u00e0 ce code.<\/p>\n\n\n\n<h2 class=\"wp-block-heading\">Politique relative aux cookies<br><\/h2>\n\n\n\n<p>Pour que ce site web fonctionne correctement, il doit utiliser des cookies, qui sont des informations stock\u00e9es dans votre navigateur.<\/p>\n\n\n\n<p>Vous pouvez consulter toutes les informations concernant la politique de collecte et de traitement des cookies sur la page Politique relative aux cookies.<\/p>\n\n\n\n<h2 class=\"wp-block-heading\">L\u00e9gitimit\u00e9 du traitement des donn\u00e9es<br><\/h2>\n\n\n\n<p>La base juridique du traitement de vos donn\u00e9es est&nbsp;:<\/p>\n\n\n\n<p>Le consentement de la personne concern\u00e9e.<br><\/p>\n\n\n\n<h2 class=\"wp-block-heading\">Cat\u00e9gories de donn\u00e9es personnelles<br><\/h2>\n\n\n\n<p>Les cat\u00e9gories de donn\u00e9es personnelles trait\u00e9es par le Responsable du traitement sont&nbsp;:<\/p>\n\n\n\n<p>Donn\u00e9es d\u2019identification.<br>Aucune cat\u00e9gorie de donn\u00e9es sp\u00e9cialement prot\u00e9g\u00e9e n\u2019est trait\u00e9e.<br><\/p>\n\n\n\n<h2 class=\"wp-block-heading\">Conservation des donn\u00e9es personnelles<br><\/h2>\n\n\n\n<p>Les donn\u00e9es personnelles fournies au Responsable du traitement seront conserv\u00e9es jusqu\u2019\u00e0 votre demande de suppression.<\/p>\n\n\n\n<h2 class=\"wp-block-heading\">Navigation web<br><\/h2>\n\n\n\n<p>Lors de votre navigation sur le site web, des donn\u00e9es non identifiantes peuvent \u00eatre collect\u00e9es, notamment votre adresse IP, votre g\u00e9olocalisation, un historique de votre utilisation des services et des sites, vos habitudes de navigation et d\u2019autres donn\u00e9es ne permettant pas de vous identifier.<\/p>\n\n\n\n<p>Le site web utilise les services d\u2019analyse tiers suivants&nbsp;:<\/p>\n\n\n\n<p>Le Propri\u00e9taire utilise les informations obtenues pour obtenir des donn\u00e9es statistiques, analyser les tendances, administrer le site, \u00e9tudier les habitudes de navigation et recueillir des informations d\u00e9mographiques.<\/p>\n\n\n\n<p>Le Propri\u00e9taire n\u2019est pas responsable du traitement des donn\u00e9es personnelles effectu\u00e9 par les pages web accessibles via les diff\u00e9rents liens contenus sur le site web.<\/p>\n\n\n\n<h2 class=\"wp-block-heading\">Exactitude et v\u00e9racit\u00e9 des donn\u00e9es personnelles<br><\/h2>\n\n\n\n<p>Vous vous engagez \u00e0 ce que les donn\u00e9es fournies au Propri\u00e9taire soient exactes, compl\u00e8tes, pr\u00e9cises et \u00e0 jour, et \u00e0 les tenir \u00e0 jour.<\/p>\n\n\n\n<p>En tant qu&rsquo;utilisateur du site web, vous \u00eates seul responsable de la v\u00e9racit\u00e9 et de l&rsquo;exactitude des donn\u00e9es soumises sur le site web, exon\u00e9rant le Propri\u00e9taire de toute responsabilit\u00e9 \u00e0 cet \u00e9gard.<\/p>\n\n\n\n<h2 class=\"wp-block-heading\">Acceptation et consentement<br><\/h2>\n\n\n\n<p>En tant qu&rsquo;utilisateur du site web, vous d\u00e9clarez avoir \u00e9t\u00e9 inform\u00e9 des conditions relatives \u00e0 la protection des donn\u00e9es personnelles et accepter et consentir au traitement de ces donn\u00e9es par le Propri\u00e9taire de la mani\u00e8re et aux fins indiqu\u00e9es dans la pr\u00e9sente Politique de confidentialit\u00e9.<\/p>\n\n\n\n<p>Pour contacter le Propri\u00e9taire, vous abonner \u00e0 une newsletter ou publier des commentaires sur ce site web, vous devez accepter la pr\u00e9sente Politique de confidentialit\u00e9.<\/p>\n\n\n\n<h2 class=\"wp-block-heading\">Modifications de la Politique de confidentialit\u00e9<\/h2>\n\n\n\n<p><br>Le Propri\u00e9taire se r\u00e9serve le droit de modifier la pr\u00e9sente Politique de confidentialit\u00e9 afin de l&rsquo;adapter \u00e0 la l\u00e9gislation ou \u00e0 la jurisprudence, ainsi qu&rsquo;aux pratiques du secteur.<\/p>\n\n\n\n<p>Ces politiques resteront en vigueur jusqu&rsquo;\u00e0 leur modification par d&rsquo;autres politiques d\u00fbment publi\u00e9es.<\/p>\n\n\n\n<p><\/p>\n","protected":false},"excerpt":{"rendered":"<p>Le Propri\u00e9taire vous informe de sa Politique de Confidentialit\u00e9 concernant le traitement et la protection des donn\u00e9es personnelles des utilisateurs susceptibles d&rsquo;\u00eatre collect\u00e9es lors de leur navigation sur le Site web&nbsp;: https:\/\/lotustilesl.com\/fr \u00c0 cet \u00e9gard, le Propri\u00e9taire garantit le respect de la r\u00e9glementation en vigueur en mati\u00e8re de protection des donn\u00e9es personnelles, telle que refl\u00e9t\u00e9e [&hellip;]<\/p>\n","protected":false},"author":1,"featured_media":0,"parent":0,"menu_order":0,"comment_status":"closed","ping_status":"closed","template":"","meta":{"_acf_changed":false,"footnotes":""},"class_list":["post-2243","page","type-page","status-publish","hentry"],"acf":[],"yoast_head":"<!-- This site is optimized with the Yoast SEO plugin v27.4 - https:\/\/yoast.com\/product\/yoast-seo-wordpress\/ -->\n<title>Politique de confidentialit\u00e9 - Lotustile<\/title>\n<meta name=\"robots\" content=\"noindex, follow\" \/>\n<meta property=\"og:locale\" content=\"fr_FR\" \/>\n<meta property=\"og:type\" content=\"article\" \/>\n<meta property=\"og:title\" content=\"Politique de confidentialit\u00e9 - Lotustile\" \/>\n<meta property=\"og:description\" content=\"Le Propri\u00e9taire vous informe de sa Politique de Confidentialit\u00e9 concernant le traitement et la protection des donn\u00e9es personnelles des utilisateurs susceptibles d&rsquo;\u00eatre collect\u00e9es lors de leur navigation sur le Site web&nbsp;: https:\/\/lotustilesl.com\/fr \u00c0 cet \u00e9gard, le Propri\u00e9taire garantit le respect de la r\u00e9glementation en vigueur en mati\u00e8re de protection des donn\u00e9es personnelles, telle que refl\u00e9t\u00e9e [&hellip;]\" \/>\n<meta property=\"og:url\" content=\"https:\/\/lotustilesl.com\/fr\/politique-de-confidentialite\/\" \/>\n<meta property=\"og:site_name\" content=\"Lotustile\" \/>\n<meta property=\"article:modified_time\" content=\"2025-08-26T07:49:01+00:00\" \/>\n<meta name=\"twitter:card\" content=\"summary_large_image\" \/>\n<meta name=\"twitter:label1\" content=\"Dur\u00e9e de lecture estim\u00e9e\" \/>\n\t<meta name=\"twitter:data1\" content=\"7 minutes\" \/>\n<script type=\"application\/ld+json\" class=\"yoast-schema-graph\">{\"@context\":\"https:\\\/\\\/schema.org\",\"@graph\":[{\"@type\":\"WebPage\",\"@id\":\"https:\\\/\\\/lotustilesl.com\\\/fr\\\/politique-de-confidentialite\\\/\",\"url\":\"https:\\\/\\\/lotustilesl.com\\\/fr\\\/politique-de-confidentialite\\\/\",\"name\":\"Politique de confidentialit\u00e9 - Lotustile\",\"isPartOf\":{\"@id\":\"https:\\\/\\\/lotustilesl.com\\\/fr\\\/#website\"},\"datePublished\":\"2025-07-22T10:00:18+00:00\",\"dateModified\":\"2025-08-26T07:49:01+00:00\",\"breadcrumb\":{\"@id\":\"https:\\\/\\\/lotustilesl.com\\\/fr\\\/politique-de-confidentialite\\\/#breadcrumb\"},\"inLanguage\":\"fr-FR\",\"potentialAction\":[{\"@type\":\"ReadAction\",\"target\":[\"https:\\\/\\\/lotustilesl.com\\\/fr\\\/politique-de-confidentialite\\\/\"]}]},{\"@type\":\"BreadcrumbList\",\"@id\":\"https:\\\/\\\/lotustilesl.com\\\/fr\\\/politique-de-confidentialite\\\/#breadcrumb\",\"itemListElement\":[{\"@type\":\"ListItem\",\"position\":1,\"name\":\"Portada\",\"item\":\"https:\\\/\\\/lotustilesl.com\\\/fr\\\/\"},{\"@type\":\"ListItem\",\"position\":2,\"name\":\"Politique de confidentialit\u00e9\"}]},{\"@type\":\"WebSite\",\"@id\":\"https:\\\/\\\/lotustilesl.com\\\/fr\\\/#website\",\"url\":\"https:\\\/\\\/lotustilesl.com\\\/fr\\\/\",\"name\":\"Lotustile\",\"description\":\"\",\"publisher\":{\"@id\":\"https:\\\/\\\/lotustilesl.com\\\/fr\\\/#organization\"},\"potentialAction\":[{\"@type\":\"SearchAction\",\"target\":{\"@type\":\"EntryPoint\",\"urlTemplate\":\"https:\\\/\\\/lotustilesl.com\\\/fr\\\/?s={search_term_string}\"},\"query-input\":{\"@type\":\"PropertyValueSpecification\",\"valueRequired\":true,\"valueName\":\"search_term_string\"}}],\"inLanguage\":\"fr-FR\"},{\"@type\":\"Organization\",\"@id\":\"https:\\\/\\\/lotustilesl.com\\\/fr\\\/#organization\",\"name\":\"Lotustile\",\"url\":\"https:\\\/\\\/lotustilesl.com\\\/fr\\\/\",\"logo\":{\"@type\":\"ImageObject\",\"inLanguage\":\"fr-FR\",\"@id\":\"https:\\\/\\\/lotustilesl.com\\\/fr\\\/#\\\/schema\\\/logo\\\/image\\\/\",\"url\":\"https:\\\/\\\/lotustilesl.com\\\/wp-content\\\/uploads\\\/2025\\\/08\\\/cropped-lotustile-logo.webp\",\"contentUrl\":\"https:\\\/\\\/lotustilesl.com\\\/wp-content\\\/uploads\\\/2025\\\/08\\\/cropped-lotustile-logo.webp\",\"width\":1239,\"height\":181,\"caption\":\"Lotustile\"},\"image\":{\"@id\":\"https:\\\/\\\/lotustilesl.com\\\/fr\\\/#\\\/schema\\\/logo\\\/image\\\/\"}}]}<\/script>\n<!-- \/ Yoast SEO plugin. -->","yoast_head_json":{"title":"Politique de confidentialit\u00e9 - Lotustile","robots":{"index":"noindex","follow":"follow"},"og_locale":"fr_FR","og_type":"article","og_title":"Politique de confidentialit\u00e9 - Lotustile","og_description":"Le Propri\u00e9taire vous informe de sa Politique de Confidentialit\u00e9 concernant le traitement et la protection des donn\u00e9es personnelles des utilisateurs susceptibles d&rsquo;\u00eatre collect\u00e9es lors de leur navigation sur le Site web&nbsp;: https:\/\/lotustilesl.com\/fr \u00c0 cet \u00e9gard, le Propri\u00e9taire garantit le respect de la r\u00e9glementation en vigueur en mati\u00e8re de protection des donn\u00e9es personnelles, telle que refl\u00e9t\u00e9e [&hellip;]","og_url":"https:\/\/lotustilesl.com\/fr\/politique-de-confidentialite\/","og_site_name":"Lotustile","article_modified_time":"2025-08-26T07:49:01+00:00","twitter_card":"summary_large_image","twitter_misc":{"Dur\u00e9e de lecture estim\u00e9e":"7 minutes"},"schema":{"@context":"https:\/\/schema.org","@graph":[{"@type":"WebPage","@id":"https:\/\/lotustilesl.com\/fr\/politique-de-confidentialite\/","url":"https:\/\/lotustilesl.com\/fr\/politique-de-confidentialite\/","name":"Politique de confidentialit\u00e9 - Lotustile","isPartOf":{"@id":"https:\/\/lotustilesl.com\/fr\/#website"},"datePublished":"2025-07-22T10:00:18+00:00","dateModified":"2025-08-26T07:49:01+00:00","breadcrumb":{"@id":"https:\/\/lotustilesl.com\/fr\/politique-de-confidentialite\/#breadcrumb"},"inLanguage":"fr-FR","potentialAction":[{"@type":"ReadAction","target":["https:\/\/lotustilesl.com\/fr\/politique-de-confidentialite\/"]}]},{"@type":"BreadcrumbList","@id":"https:\/\/lotustilesl.com\/fr\/politique-de-confidentialite\/#breadcrumb","itemListElement":[{"@type":"ListItem","position":1,"name":"Portada","item":"https:\/\/lotustilesl.com\/fr\/"},{"@type":"ListItem","position":2,"name":"Politique de confidentialit\u00e9"}]},{"@type":"WebSite","@id":"https:\/\/lotustilesl.com\/fr\/#website","url":"https:\/\/lotustilesl.com\/fr\/","name":"Lotustile","description":"","publisher":{"@id":"https:\/\/lotustilesl.com\/fr\/#organization"},"potentialAction":[{"@type":"SearchAction","target":{"@type":"EntryPoint","urlTemplate":"https:\/\/lotustilesl.com\/fr\/?s={search_term_string}"},"query-input":{"@type":"PropertyValueSpecification","valueRequired":true,"valueName":"search_term_string"}}],"inLanguage":"fr-FR"},{"@type":"Organization","@id":"https:\/\/lotustilesl.com\/fr\/#organization","name":"Lotustile","url":"https:\/\/lotustilesl.com\/fr\/","logo":{"@type":"ImageObject","inLanguage":"fr-FR","@id":"https:\/\/lotustilesl.com\/fr\/#\/schema\/logo\/image\/","url":"https:\/\/lotustilesl.com\/wp-content\/uploads\/2025\/08\/cropped-lotustile-logo.webp","contentUrl":"https:\/\/lotustilesl.com\/wp-content\/uploads\/2025\/08\/cropped-lotustile-logo.webp","width":1239,"height":181,"caption":"Lotustile"},"image":{"@id":"https:\/\/lotustilesl.com\/fr\/#\/schema\/logo\/image\/"}}]}},"_links":{"self":[{"href":"https:\/\/lotustilesl.com\/fr\/wp-json\/wp\/v2\/pages\/2243","targetHints":{"allow":["GET"]}}],"collection":[{"href":"https:\/\/lotustilesl.com\/fr\/wp-json\/wp\/v2\/pages"}],"about":[{"href":"https:\/\/lotustilesl.com\/fr\/wp-json\/wp\/v2\/types\/page"}],"author":[{"embeddable":true,"href":"https:\/\/lotustilesl.com\/fr\/wp-json\/wp\/v2\/users\/1"}],"replies":[{"embeddable":true,"href":"https:\/\/lotustilesl.com\/fr\/wp-json\/wp\/v2\/comments?post=2243"}],"version-history":[{"count":3,"href":"https:\/\/lotustilesl.com\/fr\/wp-json\/wp\/v2\/pages\/2243\/revisions"}],"predecessor-version":[{"id":2246,"href":"https:\/\/lotustilesl.com\/fr\/wp-json\/wp\/v2\/pages\/2243\/revisions\/2246"}],"wp:attachment":[{"href":"https:\/\/lotustilesl.com\/fr\/wp-json\/wp\/v2\/media?parent=2243"}],"curies":[{"name":"wp","href":"https:\/\/api.w.org\/{rel}","templated":true}]}}