{"id":2490,"date":"2025-08-28T11:17:51","date_gmt":"2025-08-28T09:17:51","guid":{"rendered":"https:\/\/lotustilesl.com\/unkategorisiert\/lotus-bortland-bone-soft-satinado-60x120\/"},"modified":"2025-08-28T11:17:51","modified_gmt":"2025-08-28T09:17:51","slug":"lotus-bortland-bone-soft-satinado-60x120","status":"publish","type":"product","link":"https:\/\/lotustilesl.com\/de\/feinsteinzeug\/lotus-bortland-bone-soft-satinado-60x120\/","title":{"rendered":"<span class=\"product-title-js\">LOTUS BORTLAND BONE SOFT SATINADO 60X120<\/span>"},"content":{"rendered":"<p>Feinsteinzeug mit einer weichen Textur, das ein Gef\u00fchl von Luxus und Eleganz vermittelt, perfekt, um den Stil Ihrer B\u00f6den und W\u00e4nde zu unterstreichen.<a href=\"https:\/\/lotustilesl.com\/wp-content\/uploads\/2025\/08\/PORTLAND-BONE-SOFT_60X120-06.tif\"><img decoding=\"async\" class=\"alignnone size-full wp-image-2483\" src=\"https:\/\/lotustilesl.com\/wp-content\/uploads\/2025\/08\/PORTLAND-BONE-SOFT_60X120-06.tif\" alt=\"\"><\/a> <a href=\"https:\/\/lotustilesl.com\/wp-content\/uploads\/2025\/08\/PORTLAND-BONE-SOFT_60X120-05.tif\"><img decoding=\"async\" class=\"alignnone size-full wp-image-2479\" src=\"https:\/\/lotustilesl.com\/wp-content\/uploads\/2025\/08\/PORTLAND-BONE-SOFT_60X120-05.tif\" alt=\"\"><\/a> <a href=\"https:\/\/lotustilesl.com\/wp-content\/uploads\/2025\/08\/PORTLAND-BONE-SOFT_60X120-04.tif\"><img decoding=\"async\" class=\"alignnone size-full wp-image-2475\" src=\"https:\/\/lotustilesl.com\/wp-content\/uploads\/2025\/08\/PORTLAND-BONE-SOFT_60X120-04.tif\" alt=\"\"><\/a> <a href=\"https:\/\/lotustilesl.com\/wp-content\/uploads\/2025\/08\/PORTLAND-BONE-SOFT_60X120-03.tif\"><img decoding=\"async\" class=\"alignnone size-full wp-image-2471\" src=\"https:\/\/lotustilesl.com\/wp-content\/uploads\/2025\/08\/PORTLAND-BONE-SOFT_60X120-03.tif\" alt=\"\"><\/a> <a href=\"https:\/\/lotustilesl.com\/wp-content\/uploads\/2025\/08\/PORTLAND-BONE-SOFT_60X120-02.tif\"><img decoding=\"async\" class=\"alignnone size-full wp-image-2467\" src=\"https:\/\/lotustilesl.com\/wp-content\/uploads\/2025\/08\/PORTLAND-BONE-SOFT_60X120-02.tif\" alt=\"\"><\/a> <a href=\"https:\/\/lotustilesl.com\/wp-content\/uploads\/2025\/08\/PORTLAND-BONE-SOFT_60X120-01.tif\"><img decoding=\"async\" class=\"alignnone size-full wp-image-2463\" src=\"https:\/\/lotustilesl.com\/wp-content\/uploads\/2025\/08\/PORTLAND-BONE-SOFT_60X120-01.tif\" alt=\"\"><\/a><\/p>\n","protected":false},"excerpt":{"rendered":"<p>FEINSTEINZEUG SATINIERT<a href=\"https:\/\/lotustilesl.com\/wp-content\/uploads\/2025\/08\/PORTLAND-BONE-SOFT_60X120-06.tif\"><img decoding=\"async\" class=\"alignnone size-full wp-image-2483\" src=\"https:\/\/lotustilesl.com\/wp-content\/uploads\/2025\/08\/PORTLAND-BONE-SOFT_60X120-06.tif\" alt=\"\"><\/a> <a href=\"https:\/\/lotustilesl.com\/wp-content\/uploads\/2025\/08\/PORTLAND-BONE-SOFT_60X120-05.tif\"><img decoding=\"async\" class=\"alignnone size-full wp-image-2479\" src=\"https:\/\/lotustilesl.com\/wp-content\/uploads\/2025\/08\/PORTLAND-BONE-SOFT_60X120-05.tif\" alt=\"\"><\/a> <a href=\"https:\/\/lotustilesl.com\/wp-content\/uploads\/2025\/08\/PORTLAND-BONE-SOFT_60X120-04.tif\"><img decoding=\"async\" class=\"alignnone size-full wp-image-2475\" src=\"https:\/\/lotustilesl.com\/wp-content\/uploads\/2025\/08\/PORTLAND-BONE-SOFT_60X120-04.tif\" alt=\"\"><\/a> <a href=\"https:\/\/lotustilesl.com\/wp-content\/uploads\/2025\/08\/PORTLAND-BONE-SOFT_60X120-03.tif\"><img decoding=\"async\" class=\"alignnone size-full wp-image-2471\" src=\"https:\/\/lotustilesl.com\/wp-content\/uploads\/2025\/08\/PORTLAND-BONE-SOFT_60X120-03.tif\" alt=\"\"><\/a> <a href=\"https:\/\/lotustilesl.com\/wp-content\/uploads\/2025\/08\/PORTLAND-BONE-SOFT_60X120-02.tif\"><img decoding=\"async\" class=\"alignnone size-full wp-image-2467\" src=\"https:\/\/lotustilesl.com\/wp-content\/uploads\/2025\/08\/PORTLAND-BONE-SOFT_60X120-02.tif\" alt=\"\"><\/a> <a href=\"https:\/\/lotustilesl.com\/wp-content\/uploads\/2025\/08\/PORTLAND-BONE-SOFT_60X120-01.tif\"><img decoding=\"async\" class=\"alignnone size-full wp-image-2463\" src=\"https:\/\/lotustilesl.com\/wp-content\/uploads\/2025\/08\/PORTLAND-BONE-SOFT_60X120-01.tif\" alt=\"\"><\/a><\/p>\n","protected":false},"featured_media":0,"template":"","meta":{"_acf_changed":false},"product_brand":[255],"product_cat":[201,211],"product_tag":[],"class_list":{"0":"post-2490","1":"product","2":"type-product","3":"status-publish","5":"product_brand-lotus","6":"product_cat-feinsteinzeug","7":"product_cat-feinsteinzeug-wandfliesen","9":"first","10":"instock","11":"taxable","12":"shipping-taxable","13":"purchasable","14":"product-type-simple"},"acf":[],"yoast_head":"<!-- This site is optimized with the Yoast SEO plugin v27.4 - https:\/\/yoast.com\/product\/yoast-seo-wordpress\/ -->\n<title>LOTUS BORTLAND BONE SOFT SATINADO 60X120 - Lotustile<\/title>\n<meta name=\"robots\" content=\"index, follow, max-snippet:-1, max-image-preview:large, max-video-preview:-1\" \/>\n<link rel=\"canonical\" href=\"https:\/\/lotustilesl.com\/de\/feinsteinzeug\/lotus-bortland-bone-soft-satinado-60x120\/\" \/>\n<meta property=\"og:locale\" content=\"de_DE\" \/>\n<meta property=\"og:type\" content=\"article\" \/>\n<meta property=\"og:title\" content=\"LOTUS BORTLAND BONE SOFT SATINADO 60X120 - Lotustile\" \/>\n<meta property=\"og:description\" content=\"FEINSTEINZEUG SATINIERT\" \/>\n<meta property=\"og:url\" content=\"https:\/\/lotustilesl.com\/de\/feinsteinzeug\/lotus-bortland-bone-soft-satinado-60x120\/\" \/>\n<meta property=\"og:site_name\" content=\"Lotustile\" \/>\n<meta name=\"twitter:card\" content=\"summary_large_image\" \/>\n<script type=\"application\/ld+json\" class=\"yoast-schema-graph\">{\"@context\":\"https:\\\/\\\/schema.org\",\"@graph\":[{\"@type\":\"WebPage\",\"@id\":\"https:\\\/\\\/lotustilesl.com\\\/de\\\/feinsteinzeug\\\/lotus-bortland-bone-soft-satinado-60x120\\\/\",\"url\":\"https:\\\/\\\/lotustilesl.com\\\/de\\\/feinsteinzeug\\\/lotus-bortland-bone-soft-satinado-60x120\\\/\",\"name\":\"LOTUS BORTLAND BONE SOFT SATINADO 60X120 - Lotustile\",\"isPartOf\":{\"@id\":\"https:\\\/\\\/lotustilesl.com\\\/de\\\/#website\"},\"primaryImageOfPage\":{\"@id\":\"https:\\\/\\\/lotustilesl.com\\\/de\\\/feinsteinzeug\\\/lotus-bortland-bone-soft-satinado-60x120\\\/#primaryimage\"},\"image\":{\"@id\":\"https:\\\/\\\/lotustilesl.com\\\/de\\\/feinsteinzeug\\\/lotus-bortland-bone-soft-satinado-60x120\\\/#primaryimage\"},\"thumbnailUrl\":\"https:\\\/\\\/lotustilesl.com\\\/wp-content\\\/uploads\\\/2025\\\/08\\\/PORTLAND-BONE-SOFT_60X120-06.tif\",\"datePublished\":\"2025-08-28T09:17:51+00:00\",\"breadcrumb\":{\"@id\":\"https:\\\/\\\/lotustilesl.com\\\/de\\\/feinsteinzeug\\\/lotus-bortland-bone-soft-satinado-60x120\\\/#breadcrumb\"},\"inLanguage\":\"de\",\"potentialAction\":[{\"@type\":\"ReadAction\",\"target\":[\"https:\\\/\\\/lotustilesl.com\\\/de\\\/feinsteinzeug\\\/lotus-bortland-bone-soft-satinado-60x120\\\/\"]}]},{\"@type\":\"ImageObject\",\"inLanguage\":\"de\",\"@id\":\"https:\\\/\\\/lotustilesl.com\\\/de\\\/feinsteinzeug\\\/lotus-bortland-bone-soft-satinado-60x120\\\/#primaryimage\",\"url\":\"https:\\\/\\\/lotustilesl.com\\\/wp-content\\\/uploads\\\/2025\\\/08\\\/PORTLAND-BONE-SOFT_60X120-06.tif\",\"contentUrl\":\"https:\\\/\\\/lotustilesl.com\\\/wp-content\\\/uploads\\\/2025\\\/08\\\/PORTLAND-BONE-SOFT_60X120-06.tif\"},{\"@type\":\"BreadcrumbList\",\"@id\":\"https:\\\/\\\/lotustilesl.com\\\/de\\\/feinsteinzeug\\\/lotus-bortland-bone-soft-satinado-60x120\\\/#breadcrumb\",\"itemListElement\":[{\"@type\":\"ListItem\",\"position\":1,\"name\":\"Portada\",\"item\":\"https:\\\/\\\/lotustilesl.com\\\/de\\\/\"},{\"@type\":\"ListItem\",\"position\":2,\"name\":\"Shop\",\"item\":\"https:\\\/\\\/lotustilesl.com\\\/de\\\/shop\\\/\"},{\"@type\":\"ListItem\",\"position\":3,\"name\":\"LOTUS BORTLAND BONE SOFT SATINADO 60X120\"}]},{\"@type\":\"WebSite\",\"@id\":\"https:\\\/\\\/lotustilesl.com\\\/de\\\/#website\",\"url\":\"https:\\\/\\\/lotustilesl.com\\\/de\\\/\",\"name\":\"Lotustile\",\"description\":\"\",\"publisher\":{\"@id\":\"https:\\\/\\\/lotustilesl.com\\\/de\\\/#organization\"},\"potentialAction\":[{\"@type\":\"SearchAction\",\"target\":{\"@type\":\"EntryPoint\",\"urlTemplate\":\"https:\\\/\\\/lotustilesl.com\\\/de\\\/?s={search_term_string}\"},\"query-input\":{\"@type\":\"PropertyValueSpecification\",\"valueRequired\":true,\"valueName\":\"search_term_string\"}}],\"inLanguage\":\"de\"},{\"@type\":\"Organization\",\"@id\":\"https:\\\/\\\/lotustilesl.com\\\/de\\\/#organization\",\"name\":\"Lotustile\",\"url\":\"https:\\\/\\\/lotustilesl.com\\\/de\\\/\",\"logo\":{\"@type\":\"ImageObject\",\"inLanguage\":\"de\",\"@id\":\"https:\\\/\\\/lotustilesl.com\\\/de\\\/#\\\/schema\\\/logo\\\/image\\\/\",\"url\":\"https:\\\/\\\/lotustilesl.com\\\/wp-content\\\/uploads\\\/2025\\\/08\\\/cropped-lotustile-logo.webp\",\"contentUrl\":\"https:\\\/\\\/lotustilesl.com\\\/wp-content\\\/uploads\\\/2025\\\/08\\\/cropped-lotustile-logo.webp\",\"width\":1239,\"height\":181,\"caption\":\"Lotustile\"},\"image\":{\"@id\":\"https:\\\/\\\/lotustilesl.com\\\/de\\\/#\\\/schema\\\/logo\\\/image\\\/\"}}]}<\/script>\n<!-- \/ Yoast SEO plugin. -->","yoast_head_json":{"title":"LOTUS BORTLAND BONE SOFT SATINADO 60X120 - Lotustile","robots":{"index":"index","follow":"follow","max-snippet":"max-snippet:-1","max-image-preview":"max-image-preview:large","max-video-preview":"max-video-preview:-1"},"canonical":"https:\/\/lotustilesl.com\/de\/feinsteinzeug\/lotus-bortland-bone-soft-satinado-60x120\/","og_locale":"de_DE","og_type":"article","og_title":"LOTUS BORTLAND BONE SOFT SATINADO 60X120 - Lotustile","og_description":"FEINSTEINZEUG SATINIERT","og_url":"https:\/\/lotustilesl.com\/de\/feinsteinzeug\/lotus-bortland-bone-soft-satinado-60x120\/","og_site_name":"Lotustile","twitter_card":"summary_large_image","schema":{"@context":"https:\/\/schema.org","@graph":[{"@type":"WebPage","@id":"https:\/\/lotustilesl.com\/de\/feinsteinzeug\/lotus-bortland-bone-soft-satinado-60x120\/","url":"https:\/\/lotustilesl.com\/de\/feinsteinzeug\/lotus-bortland-bone-soft-satinado-60x120\/","name":"LOTUS BORTLAND BONE SOFT SATINADO 60X120 - Lotustile","isPartOf":{"@id":"https:\/\/lotustilesl.com\/de\/#website"},"primaryImageOfPage":{"@id":"https:\/\/lotustilesl.com\/de\/feinsteinzeug\/lotus-bortland-bone-soft-satinado-60x120\/#primaryimage"},"image":{"@id":"https:\/\/lotustilesl.com\/de\/feinsteinzeug\/lotus-bortland-bone-soft-satinado-60x120\/#primaryimage"},"thumbnailUrl":"https:\/\/lotustilesl.com\/wp-content\/uploads\/2025\/08\/PORTLAND-BONE-SOFT_60X120-06.tif","datePublished":"2025-08-28T09:17:51+00:00","breadcrumb":{"@id":"https:\/\/lotustilesl.com\/de\/feinsteinzeug\/lotus-bortland-bone-soft-satinado-60x120\/#breadcrumb"},"inLanguage":"de","potentialAction":[{"@type":"ReadAction","target":["https:\/\/lotustilesl.com\/de\/feinsteinzeug\/lotus-bortland-bone-soft-satinado-60x120\/"]}]},{"@type":"ImageObject","inLanguage":"de","@id":"https:\/\/lotustilesl.com\/de\/feinsteinzeug\/lotus-bortland-bone-soft-satinado-60x120\/#primaryimage","url":"https:\/\/lotustilesl.com\/wp-content\/uploads\/2025\/08\/PORTLAND-BONE-SOFT_60X120-06.tif","contentUrl":"https:\/\/lotustilesl.com\/wp-content\/uploads\/2025\/08\/PORTLAND-BONE-SOFT_60X120-06.tif"},{"@type":"BreadcrumbList","@id":"https:\/\/lotustilesl.com\/de\/feinsteinzeug\/lotus-bortland-bone-soft-satinado-60x120\/#breadcrumb","itemListElement":[{"@type":"ListItem","position":1,"name":"Portada","item":"https:\/\/lotustilesl.com\/de\/"},{"@type":"ListItem","position":2,"name":"Shop","item":"https:\/\/lotustilesl.com\/de\/shop\/"},{"@type":"ListItem","position":3,"name":"LOTUS BORTLAND BONE SOFT SATINADO 60X120"}]},{"@type":"WebSite","@id":"https:\/\/lotustilesl.com\/de\/#website","url":"https:\/\/lotustilesl.com\/de\/","name":"Lotustile","description":"","publisher":{"@id":"https:\/\/lotustilesl.com\/de\/#organization"},"potentialAction":[{"@type":"SearchAction","target":{"@type":"EntryPoint","urlTemplate":"https:\/\/lotustilesl.com\/de\/?s={search_term_string}"},"query-input":{"@type":"PropertyValueSpecification","valueRequired":true,"valueName":"search_term_string"}}],"inLanguage":"de"},{"@type":"Organization","@id":"https:\/\/lotustilesl.com\/de\/#organization","name":"Lotustile","url":"https:\/\/lotustilesl.com\/de\/","logo":{"@type":"ImageObject","inLanguage":"de","@id":"https:\/\/lotustilesl.com\/de\/#\/schema\/logo\/image\/","url":"https:\/\/lotustilesl.com\/wp-content\/uploads\/2025\/08\/cropped-lotustile-logo.webp","contentUrl":"https:\/\/lotustilesl.com\/wp-content\/uploads\/2025\/08\/cropped-lotustile-logo.webp","width":1239,"height":181,"caption":"Lotustile"},"image":{"@id":"https:\/\/lotustilesl.com\/de\/#\/schema\/logo\/image\/"}}]}},"_links":{"self":[{"href":"https:\/\/lotustilesl.com\/de\/wp-json\/wp\/v2\/product\/2490","targetHints":{"allow":["GET"]}}],"collection":[{"href":"https:\/\/lotustilesl.com\/de\/wp-json\/wp\/v2\/product"}],"about":[{"href":"https:\/\/lotustilesl.com\/de\/wp-json\/wp\/v2\/types\/product"}],"wp:attachment":[{"href":"https:\/\/lotustilesl.com\/de\/wp-json\/wp\/v2\/media?parent=2490"}],"wp:term":[{"taxonomy":"product_brand","embeddable":true,"href":"https:\/\/lotustilesl.com\/de\/wp-json\/wp\/v2\/product_brand?post=2490"},{"taxonomy":"product_cat","embeddable":true,"href":"https:\/\/lotustilesl.com\/de\/wp-json\/wp\/v2\/product_cat?post=2490"},{"taxonomy":"product_tag","embeddable":true,"href":"https:\/\/lotustilesl.com\/de\/wp-json\/wp\/v2\/product_tag?post=2490"}],"curies":[{"name":"wp","href":"https:\/\/api.w.org\/{rel}","templated":true}]}}