{"id":2257,"date":"2025-08-26T10:09:25","date_gmt":"2025-08-26T08:09:25","guid":{"rendered":"https:\/\/lotustilesl.com\/?page_id=2257"},"modified":"2025-08-26T10:15:24","modified_gmt":"2025-08-26T08:15:24","slug":"cookie-richtlinie","status":"publish","type":"page","link":"https:\/\/lotustilesl.com\/de\/cookie-richtlinie\/","title":{"rendered":"Cookie-Richtlinie"},"content":{"rendered":"\n<h2 class=\"wp-block-heading\">Was sind Cookies?<\/h2>\n\n\n\n<p>Im Englischen bedeutet \u201eCookie\u201c Pl\u00e4tzchen, im Kontext des Web-Browsings ist ein \u201eCookie\u201c jedoch etwas v\u00f6llig anderes. Wenn Sie auf unsere Website zugreifen, wird ein kleiner Text, ein sogenanntes \u201eCookie\u201c, im Browser Ihres Ger\u00e4ts gespeichert. Dieser Text enth\u00e4lt verschiedene Informationen zu Ihren Surfgewohnheiten, Pr\u00e4ferenzen, Inhaltsanpassungen usw.<\/p>\n\n\n\n<p>Es gibt andere Technologien, die \u00e4hnlich funktionieren und ebenfalls Daten zu Ihren Surfaktivit\u00e4ten sammeln. Wir bezeichnen alle diese Technologien zusammenfassend als \u201eCookies\u201c.<\/p>\n\n\n\n<p>Die konkrete Verwendung dieser Technologien wird in diesem Dokument beschrieben.<\/p>\n\n\n\n<h2 class=\"wp-block-heading\">Wozu werden Cookies auf dieser Website verwendet?<\/h2>\n\n\n\n<p><br>Cookies sind ein wesentlicher Bestandteil der Funktionsweise der Website. Der Hauptzweck unserer Cookies ist es, Ihr Surferlebnis zu verbessern. Beispielsweise sollen Ihre Pr\u00e4ferenzen (Sprache, Land usw.) w\u00e4hrend des Surfens und bei zuk\u00fcnftigen Besuchen gespeichert werden. Die in Cookies gesammelten Informationen erm\u00f6glichen es uns au\u00dferdem, die Website zu verbessern, sie an Ihre Interessen anzupassen, Ihre Suchvorg\u00e4nge zu beschleunigen usw.<\/p>\n\n\n\n<p>In bestimmten F\u00e4llen k\u00f6nnen wir Cookies, sofern wir Ihre vorherige Einwilligung eingeholt haben, auch f\u00fcr andere Zwecke verwenden, z. B. um Informationen zu erhalten, die es uns erm\u00f6glichen, Ihnen auf Grundlage einer Analyse Ihres Surfverhaltens Werbung anzuzeigen.<\/p>\n\n\n\n<h2 class=\"wp-block-heading\">Warum werden auf dieser Website KEINE Cookies verwendet?<\/h2>\n\n\n\n<p>Die von uns verwendeten Cookies speichern keine sensiblen personenbezogenen Daten wie Ihren Namen, Ihre Adresse, Ihr Passwort usw.<\/p>\n\n\n\n<h2 class=\"wp-block-heading\">Wer verwendet die in Cookies gespeicherten Informationen?<\/h2>\n\n\n\n<p>Die in den Cookies auf unserer Website gespeicherten Informationen werden ausschlie\u00dflich von uns verwendet. Ausgenommen hiervon sind die unten als \u201eCookies von Drittanbietern\u201c bezeichneten Cookies, die von externen Unternehmen verwendet und verwaltet werden, die uns Dienste zur Verbesserung des Nutzererlebnisses bereitstellen. Beispielsweise werden Statistiken \u00fcber die Anzahl der Besuche, die beliebtesten Inhalte usw. gesammelt.<\/p>\n\n\n\n<h2 class=\"wp-block-heading\">Wie k\u00f6nnen Sie die Verwendung von Cookies auf dieser Website verhindern?<\/h2>\n\n\n\n<p>Wenn Sie die Verwendung von Cookies vermeiden m\u00f6chten, k\u00f6nnen Sie deren Verwendung ABLEHNEN oder KONFIGURIEREN, welche Cookies Sie vermeiden und welche Sie zulassen m\u00f6chten (in diesem Dokument finden Sie detaillierte Informationen zu den einzelnen Cookie-Typen, ihrem Zweck, Empf\u00e4nger, ihrer Dauer usw.).<\/p>\n\n\n\n<p>Wenn Sie die Cookies akzeptiert haben, werden wir Sie nicht erneut fragen, es sei denn, Sie l\u00f6schen die Cookies auf Ihrem Ger\u00e4t, wie im folgenden Abschnitt beschrieben. Wenn Sie Ihre Einwilligung widerrufen m\u00f6chten, m\u00fcssen Sie die Cookies l\u00f6schen und erneut konfigurieren.<\/p>\n\n\n\n<h2 class=\"wp-block-heading\">Wie kann ich die Verwendung von Cookies deaktivieren und l\u00f6schen?<\/h2>\n\n\n\n<p>Sie k\u00f6nnen Cookies von dieser Website (und von Drittanbietern) jederzeit in Ihren Browsereinstellungen einschr\u00e4nken, blockieren oder l\u00f6schen. Bitte beachten Sie, dass diese Einstellungen je nach Browser variieren.<\/p>\n\n\n\n<p>Unter den folgenden Links finden Sie Anleitungen zum Aktivieren oder Deaktivieren von Cookies in den g\u00e4ngigsten Browsern.<\/p>\n\n\n\n<p>Firefox<br>Google Chrome<br>Internet Explorer<br>Microsoft Edge<br>Safari<\/p>\n\n\n\n<h2 class=\"wp-block-heading\">Welche Arten von Cookies werden auf dieser Website verwendet?<\/h2>\n\n\n\n<p>Jede Website verwendet eigene Cookies. Auf unserer Website verwenden wir die folgenden:<\/p>\n\n\n\n<p>Je nach Anbieter:<\/p>\n\n\n\n<p>Erstanbieter-Cookies:<\/p>\n\n\n\n<p>Diese Cookies werden von einem vom Herausgeber selbst verwalteten Computer oder einer Dom\u00e4ne an das Endger\u00e4t des Nutzers gesendet und von dort aus der vom Nutzer angeforderte Dienst bereitgestellt.<\/p>\n\n\n\n<p>Drittanbieter-Cookies:<\/p>\n\n\n\n<p>Diese Cookies werden von einem Computer oder einer Dom\u00e4ne an das Endger\u00e4t des Nutzers gesendet, die nicht vom Herausgeber, sondern von einem anderen Unternehmen verwaltet wird, das die durch die Cookies erhaltenen Daten verarbeitet.<\/p>\n\n\n\n<p>Wenn Cookies von einem vom Herausgeber selbst verwalteten Computer oder einer Dom\u00e4ne bereitgestellt werden, die \u00fcber sie gesammelten Informationen jedoch von einem Drittanbieter verwaltet werden, gelten sie nicht als Erstanbieter-Cookies, wenn dieser Drittanbieter sie f\u00fcr eigene Zwecke verwendet (z. B. zur Verbesserung seiner Dienste oder zur Bereitstellung von Werbedienstleistungen f\u00fcr andere Unternehmen).<\/p>\n\n\n\n<p>JE NACH ZWECK<\/p>\n\n\n\n<p>Technische Cookies:<\/p>\n\n\n\n<p>Diese sind f\u00fcr die Navigation und das ordnungsgem\u00e4\u00dfe Funktionieren unserer Website erforderlich. Sie dienen beispielsweise der Steuerung des Datenverkehrs und der Datenkommunikation, der Sitzungsidentifizierung, dem Zugriff auf eingeschr\u00e4nkte Bereiche, der Bearbeitung von Registrierungsanfragen oder der Teilnahme an Veranstaltungen, der Z\u00e4hlung von Besuchen zu Abrechnungszwecken f\u00fcr Softwarelizenzen, die den Website-Dienst unterst\u00fctzen, der Nutzung von Sicherheitsfunktionen beim Surfen, der Speicherung von Inhalten f\u00fcr die Anzeige von Videos oder Ton und der Aktivierung dynamischer Inhalte (z. B. das Laden von Animationen f\u00fcr Text oder Bilder).<\/p>\n\n\n\n<p>Analytische Cookies:<\/p>\n\n\n\n<p>Diese erm\u00f6glichen es uns, die Anzahl der Nutzer zu quantifizieren und so statistische Messungen und Analysen der Website-Nutzung durchzuf\u00fchren.<\/p>\n\n\n\n<p>Pr\u00e4ferenz- oder Personalisierungs-Cookies:<\/p>\n\n\n\n<p>Diese Cookies erm\u00f6glichen die Speicherung von Informationen, sodass der Nutzer auf den Dienst mit bestimmten Merkmalen zugreift, die sein Erlebnis von dem anderer Nutzer unterscheiden k\u00f6nnen. Dazu geh\u00f6ren beispielsweise die Sprache, die Anzahl der angezeigten Ergebnisse bei einer Suche, das Erscheinungsbild oder der Inhalt des Dienstes je nach Browsertyp oder Region usw.<\/p>\n\n\n\n<p>Abh\u00e4ngig von der Dauer ihrer G\u00fcltigkeit.<\/p>\n\n\n\n<p>Sitzungscookies:<\/p>\n\n\n\n<p>Diese Cookies erfassen und speichern Daten w\u00e4hrend des Zugriffs des Nutzers auf eine Website.<\/p>\n\n\n\n<p>Sie werden in der Regel verwendet, um Informationen zu speichern, die nur f\u00fcr die einmalige Bereitstellung des vom Nutzer angeforderten Dienstes ben\u00f6tigt werden (z. B. eine Liste gekaufter Produkte), und verschwinden nach Beendigung der Sitzung.<\/p>\n\n\n\n<p>Permanente Cookies:<\/p>\n\n\n\n<p>Die Daten verbleiben auf dem Ger\u00e4t und k\u00f6nnen f\u00fcr einen vom Cookie-Verantwortlichen festgelegten Zeitraum (von wenigen Minuten bis zu mehreren Jahren) abgerufen und verarbeitet werden. In diesem Zusammenhang muss gepr\u00fcft werden, ob die Verwendung dauerhafter Cookies erforderlich ist, da Datenschutzrisiken durch den Einsatz von Sitzungscookies verringert werden k\u00f6nnten. In jedem Fall wird empfohlen, bei der Installation dauerhafter Cookies deren Dauer unter Ber\u00fccksichtigung ihres Verwendungszwecks auf das erforderliche Minimum zu reduzieren. In der Stellungnahme 4\/2012 der Datenschutz-Grundverordnung (WP29) hei\u00dft es hierzu, dass ein Cookie nur dann von der Pflicht zur informierten Einwilligung ausgenommen werden kann, wenn sein Ablauf im Zusammenhang mit seinem Zweck steht. Sitzungscookies gelten daher deutlich h\u00e4ufiger als dauerhafte Cookies.<\/p>\n","protected":false},"excerpt":{"rendered":"<p>Was sind Cookies? Im Englischen bedeutet \u201eCookie\u201c Pl\u00e4tzchen, im Kontext des Web-Browsings ist ein \u201eCookie\u201c jedoch etwas v\u00f6llig anderes. Wenn Sie auf unsere Website zugreifen, wird ein kleiner Text, ein sogenanntes \u201eCookie\u201c, im Browser Ihres Ger\u00e4ts gespeichert. Dieser Text enth\u00e4lt verschiedene Informationen zu Ihren Surfgewohnheiten, Pr\u00e4ferenzen, Inhaltsanpassungen usw. Es gibt andere Technologien, die \u00e4hnlich funktionieren [&hellip;]<\/p>\n","protected":false},"author":1,"featured_media":0,"parent":0,"menu_order":0,"comment_status":"closed","ping_status":"closed","template":"","meta":{"_acf_changed":false,"footnotes":""},"class_list":["post-2257","page","type-page","status-publish","hentry"],"acf":[],"yoast_head":"<!-- This site is optimized with the Yoast SEO plugin v27.4 - https:\/\/yoast.com\/product\/yoast-seo-wordpress\/ -->\n<title>Cookie-Richtlinie - Lotustile<\/title>\n<meta name=\"robots\" content=\"noindex, follow\" \/>\n<meta property=\"og:locale\" content=\"de_DE\" \/>\n<meta property=\"og:type\" content=\"article\" \/>\n<meta property=\"og:title\" content=\"Cookie-Richtlinie - Lotustile\" \/>\n<meta property=\"og:description\" content=\"Was sind Cookies? Im Englischen bedeutet \u201eCookie\u201c Pl\u00e4tzchen, im Kontext des Web-Browsings ist ein \u201eCookie\u201c jedoch etwas v\u00f6llig anderes. Wenn Sie auf unsere Website zugreifen, wird ein kleiner Text, ein sogenanntes \u201eCookie\u201c, im Browser Ihres Ger\u00e4ts gespeichert. Dieser Text enth\u00e4lt verschiedene Informationen zu Ihren Surfgewohnheiten, Pr\u00e4ferenzen, Inhaltsanpassungen usw. Es gibt andere Technologien, die \u00e4hnlich funktionieren [&hellip;]\" \/>\n<meta property=\"og:url\" content=\"https:\/\/lotustilesl.com\/de\/cookie-richtlinie\/\" \/>\n<meta property=\"og:site_name\" content=\"Lotustile\" \/>\n<meta property=\"article:modified_time\" content=\"2025-08-26T08:15:24+00:00\" \/>\n<meta name=\"twitter:card\" content=\"summary_large_image\" \/>\n<meta name=\"twitter:label1\" content=\"Gesch\u00e4tzte Lesezeit\" \/>\n\t<meta name=\"twitter:data1\" content=\"5\u00a0Minuten\" \/>\n<script type=\"application\/ld+json\" class=\"yoast-schema-graph\">{\"@context\":\"https:\\\/\\\/schema.org\",\"@graph\":[{\"@type\":\"WebPage\",\"@id\":\"https:\\\/\\\/lotustilesl.com\\\/de\\\/cookie-richtlinie\\\/\",\"url\":\"https:\\\/\\\/lotustilesl.com\\\/de\\\/cookie-richtlinie\\\/\",\"name\":\"Cookie-Richtlinie - Lotustile\",\"isPartOf\":{\"@id\":\"https:\\\/\\\/lotustilesl.com\\\/de\\\/#website\"},\"datePublished\":\"2025-08-26T08:09:25+00:00\",\"dateModified\":\"2025-08-26T08:15:24+00:00\",\"breadcrumb\":{\"@id\":\"https:\\\/\\\/lotustilesl.com\\\/de\\\/cookie-richtlinie\\\/#breadcrumb\"},\"inLanguage\":\"de\",\"potentialAction\":[{\"@type\":\"ReadAction\",\"target\":[\"https:\\\/\\\/lotustilesl.com\\\/de\\\/cookie-richtlinie\\\/\"]}]},{\"@type\":\"BreadcrumbList\",\"@id\":\"https:\\\/\\\/lotustilesl.com\\\/de\\\/cookie-richtlinie\\\/#breadcrumb\",\"itemListElement\":[{\"@type\":\"ListItem\",\"position\":1,\"name\":\"Portada\",\"item\":\"https:\\\/\\\/lotustilesl.com\\\/de\\\/\"},{\"@type\":\"ListItem\",\"position\":2,\"name\":\"Cookie-Richtlinie\"}]},{\"@type\":\"WebSite\",\"@id\":\"https:\\\/\\\/lotustilesl.com\\\/de\\\/#website\",\"url\":\"https:\\\/\\\/lotustilesl.com\\\/de\\\/\",\"name\":\"Lotustile\",\"description\":\"\",\"publisher\":{\"@id\":\"https:\\\/\\\/lotustilesl.com\\\/de\\\/#organization\"},\"potentialAction\":[{\"@type\":\"SearchAction\",\"target\":{\"@type\":\"EntryPoint\",\"urlTemplate\":\"https:\\\/\\\/lotustilesl.com\\\/de\\\/?s={search_term_string}\"},\"query-input\":{\"@type\":\"PropertyValueSpecification\",\"valueRequired\":true,\"valueName\":\"search_term_string\"}}],\"inLanguage\":\"de\"},{\"@type\":\"Organization\",\"@id\":\"https:\\\/\\\/lotustilesl.com\\\/de\\\/#organization\",\"name\":\"Lotustile\",\"url\":\"https:\\\/\\\/lotustilesl.com\\\/de\\\/\",\"logo\":{\"@type\":\"ImageObject\",\"inLanguage\":\"de\",\"@id\":\"https:\\\/\\\/lotustilesl.com\\\/de\\\/#\\\/schema\\\/logo\\\/image\\\/\",\"url\":\"https:\\\/\\\/lotustilesl.com\\\/wp-content\\\/uploads\\\/2025\\\/08\\\/cropped-lotustile-logo.webp\",\"contentUrl\":\"https:\\\/\\\/lotustilesl.com\\\/wp-content\\\/uploads\\\/2025\\\/08\\\/cropped-lotustile-logo.webp\",\"width\":1239,\"height\":181,\"caption\":\"Lotustile\"},\"image\":{\"@id\":\"https:\\\/\\\/lotustilesl.com\\\/de\\\/#\\\/schema\\\/logo\\\/image\\\/\"}}]}<\/script>\n<!-- \/ Yoast SEO plugin. -->","yoast_head_json":{"title":"Cookie-Richtlinie - Lotustile","robots":{"index":"noindex","follow":"follow"},"og_locale":"de_DE","og_type":"article","og_title":"Cookie-Richtlinie - Lotustile","og_description":"Was sind Cookies? Im Englischen bedeutet \u201eCookie\u201c Pl\u00e4tzchen, im Kontext des Web-Browsings ist ein \u201eCookie\u201c jedoch etwas v\u00f6llig anderes. Wenn Sie auf unsere Website zugreifen, wird ein kleiner Text, ein sogenanntes \u201eCookie\u201c, im Browser Ihres Ger\u00e4ts gespeichert. Dieser Text enth\u00e4lt verschiedene Informationen zu Ihren Surfgewohnheiten, Pr\u00e4ferenzen, Inhaltsanpassungen usw. Es gibt andere Technologien, die \u00e4hnlich funktionieren [&hellip;]","og_url":"https:\/\/lotustilesl.com\/de\/cookie-richtlinie\/","og_site_name":"Lotustile","article_modified_time":"2025-08-26T08:15:24+00:00","twitter_card":"summary_large_image","twitter_misc":{"Gesch\u00e4tzte Lesezeit":"5\u00a0Minuten"},"schema":{"@context":"https:\/\/schema.org","@graph":[{"@type":"WebPage","@id":"https:\/\/lotustilesl.com\/de\/cookie-richtlinie\/","url":"https:\/\/lotustilesl.com\/de\/cookie-richtlinie\/","name":"Cookie-Richtlinie - Lotustile","isPartOf":{"@id":"https:\/\/lotustilesl.com\/de\/#website"},"datePublished":"2025-08-26T08:09:25+00:00","dateModified":"2025-08-26T08:15:24+00:00","breadcrumb":{"@id":"https:\/\/lotustilesl.com\/de\/cookie-richtlinie\/#breadcrumb"},"inLanguage":"de","potentialAction":[{"@type":"ReadAction","target":["https:\/\/lotustilesl.com\/de\/cookie-richtlinie\/"]}]},{"@type":"BreadcrumbList","@id":"https:\/\/lotustilesl.com\/de\/cookie-richtlinie\/#breadcrumb","itemListElement":[{"@type":"ListItem","position":1,"name":"Portada","item":"https:\/\/lotustilesl.com\/de\/"},{"@type":"ListItem","position":2,"name":"Cookie-Richtlinie"}]},{"@type":"WebSite","@id":"https:\/\/lotustilesl.com\/de\/#website","url":"https:\/\/lotustilesl.com\/de\/","name":"Lotustile","description":"","publisher":{"@id":"https:\/\/lotustilesl.com\/de\/#organization"},"potentialAction":[{"@type":"SearchAction","target":{"@type":"EntryPoint","urlTemplate":"https:\/\/lotustilesl.com\/de\/?s={search_term_string}"},"query-input":{"@type":"PropertyValueSpecification","valueRequired":true,"valueName":"search_term_string"}}],"inLanguage":"de"},{"@type":"Organization","@id":"https:\/\/lotustilesl.com\/de\/#organization","name":"Lotustile","url":"https:\/\/lotustilesl.com\/de\/","logo":{"@type":"ImageObject","inLanguage":"de","@id":"https:\/\/lotustilesl.com\/de\/#\/schema\/logo\/image\/","url":"https:\/\/lotustilesl.com\/wp-content\/uploads\/2025\/08\/cropped-lotustile-logo.webp","contentUrl":"https:\/\/lotustilesl.com\/wp-content\/uploads\/2025\/08\/cropped-lotustile-logo.webp","width":1239,"height":181,"caption":"Lotustile"},"image":{"@id":"https:\/\/lotustilesl.com\/de\/#\/schema\/logo\/image\/"}}]}},"_links":{"self":[{"href":"https:\/\/lotustilesl.com\/de\/wp-json\/wp\/v2\/pages\/2257","targetHints":{"allow":["GET"]}}],"collection":[{"href":"https:\/\/lotustilesl.com\/de\/wp-json\/wp\/v2\/pages"}],"about":[{"href":"https:\/\/lotustilesl.com\/de\/wp-json\/wp\/v2\/types\/page"}],"author":[{"embeddable":true,"href":"https:\/\/lotustilesl.com\/de\/wp-json\/wp\/v2\/users\/1"}],"replies":[{"embeddable":true,"href":"https:\/\/lotustilesl.com\/de\/wp-json\/wp\/v2\/comments?post=2257"}],"version-history":[{"count":1,"href":"https:\/\/lotustilesl.com\/de\/wp-json\/wp\/v2\/pages\/2257\/revisions"}],"predecessor-version":[{"id":2258,"href":"https:\/\/lotustilesl.com\/de\/wp-json\/wp\/v2\/pages\/2257\/revisions\/2258"}],"wp:attachment":[{"href":"https:\/\/lotustilesl.com\/de\/wp-json\/wp\/v2\/media?parent=2257"}],"curies":[{"name":"wp","href":"https:\/\/api.w.org\/{rel}","templated":true}]}}