{"id":2251,"date":"2025-08-26T10:05:17","date_gmt":"2025-08-26T08:05:17","guid":{"rendered":"https:\/\/lotustilesl.com\/?page_id=2251"},"modified":"2025-08-26T10:05:18","modified_gmt":"2025-08-26T08:05:18","slug":"impressum","status":"publish","type":"page","link":"https:\/\/lotustilesl.com\/de\/impressum\/","title":{"rendered":"Impressum"},"content":{"rendered":"\n<h2 class=\"wp-block-heading\">Identifikation und Eigent\u00fcmerschaft<\/h2>\n\n\n\n<p>Gem\u00e4\u00df Artikel 10 des Gesetzes 34\/2002 vom 11. Juli \u00fcber Dienste der Informationsgesellschaft und elektronischen Gesch\u00e4ftsverkehr stellt der Eigent\u00fcmer seine Identifikationsdaten zur Verf\u00fcgung:<\/p>\n\n\n\n<p>Eigent\u00fcmer: Lotustile SL.<br>Steuernummer: B12904454<br>Adresse: Avinguda Mediterrani, 142, 12200 Onda, Castell\u00f3n \u2013 Spanien.<br>E-Mail: info@lotustilesl.com<br>Telefonnummer: 964 26 05 48<br>Website: https:\/\/lotustilesl.com<br><\/p>\n\n\n\n<h2 class=\"wp-block-heading\">Nutzungsbedingungen<\/h2>\n\n\n\n<p>Die Nutzung der Website verleiht Ihnen den Status eines Nutzers und setzt die vollst\u00e4ndige Akzeptanz aller auf diesen Seiten aufgef\u00fchrten Nutzungsbedingungen voraus:<\/p>\n\n\n\n<p>Impressum<br>Datenschutzrichtlinie<br>Cookie-Richtlinie<br>Wenn Sie mit diesen Bedingungen nicht einverstanden sind, sehen Sie bitte von der Nutzung der Website ab.<\/p>\n\n\n\n<p>Der Zugriff auf die Website stellt in keiner Weise den Beginn einer Gesch\u00e4ftsbeziehung mit dem Eigent\u00fcmer dar.<\/p>\n\n\n\n<p>\u00dcber die Website erm\u00f6glicht Ihnen der Eigent\u00fcmer den Zugriff auf und die Nutzung verschiedener Inhalte, die der Eigent\u00fcmer und\/oder seine Partner online ver\u00f6ffentlicht haben.<\/p>\n\n\n\n<p>Hierzu verpflichten Sie sich, die Inhalte der Website NICHT f\u00fcr Zwecke oder Wirkungen zu verwenden, die rechtswidrig, in diesem Impressum oder durch geltendes Recht verboten, den Rechten und Interessen Dritter schaden oder die in irgendeiner Weise die normale Nutzung der Inhalte, Computerausr\u00fcstung oder Dokumente, Dateien und aller Arten von Inhalten, die auf Computerausr\u00fcstung gespeichert sind, die dem Eigent\u00fcmer, anderen Nutzern oder Internetnutzern geh\u00f6rt oder von ihnen genutzt wird, besch\u00e4digen, unbrauchbar machen, \u00fcberlasten, beeintr\u00e4chtigen oder behindern k\u00f6nnen.<\/p>\n\n\n\n<h2 class=\"wp-block-heading\">Sicherheitsma\u00dfnahmen<\/h2>\n\n\n\n<p>Die personenbezogenen Daten, die Sie dem Verantwortlichen zur Verf\u00fcgung stellen, k\u00f6nnen in automatisierten oder nicht automatisierten Datenbanken gespeichert werden. Deren alleiniges Eigentum ist der Verantwortliche. Der Verantwortliche ergreift alle technischen, organisatorischen und sicherheitsrelevanten Ma\u00dfnahmen, um die Vertraulichkeit, Integrit\u00e4t und Qualit\u00e4t der darin enthaltenen Informationen gem\u00e4\u00df den geltenden Datenschutzbestimmungen zu gew\u00e4hrleisten.<\/p>\n\n\n\n<p>Bitte beachten Sie jedoch, dass die Sicherheitsma\u00dfnahmen von Computersystemen im Internet nicht absolut zuverl\u00e4ssig sind. Daher kann der Verantwortliche nicht garantieren, dass keine Viren oder andere Elemente vorhanden sind, die die Computersysteme (Software und Hardware) des Nutzers oder die darin enthaltenen elektronischen Dokumente und Dateien besch\u00e4digen k\u00f6nnten. Der Verantwortliche stellt jedoch alle erforderlichen Mittel bereit und ergreift geeignete Sicherheitsma\u00dfnahmen, um das Vorhandensein dieser sch\u00e4dlichen Elemente zu verhindern.<\/p>\n\n\n\n<h2 class=\"wp-block-heading\">Verarbeitung personenbezogener Daten<\/h2>\n\n\n\n<p>Alle Informationen zur Verarbeitung der vom Verantwortlichen erhobenen personenbezogenen Daten finden Sie auf der Seite \u201eDatenschutzrichtlinie\u201c.<\/p>\n\n\n\n<h2 class=\"wp-block-heading\">Inhalt<\/h2>\n\n\n\n<p>Der Eigent\u00fcmer bezieht die auf der Website enthaltenen Informationen, Multimediainhalte und Materialien aus Quellen, die er f\u00fcr zuverl\u00e4ssig h\u00e4lt. Obwohl er alle angemessenen Ma\u00dfnahmen ergriffen hat, um die Richtigkeit der enthaltenen Informationen sicherzustellen, \u00fcbernimmt er keine Garantie f\u00fcr deren Genauigkeit, Vollst\u00e4ndigkeit oder Aktualit\u00e4t. Der Eigent\u00fcmer lehnt ausdr\u00fccklich jegliche Haftung f\u00fcr Fehler oder Auslassungen in den auf den Seiten der Website enthaltenen Informationen ab.<\/p>\n\n\n\n<p>Die \u00dcbermittlung oder Versendung illegaler oder rechtswidriger Inhalte, Computerviren oder Nachrichten, die die Rechte des Eigent\u00fcmers oder Dritter beeintr\u00e4chtigen oder verletzen, \u00fcber die Website ist verboten.<\/p>\n\n\n\n<p>Die Inhalte der Website dienen ausschlie\u00dflich Informationszwecken und d\u00fcrfen unter keinen Umst\u00e4nden als Verkaufsangebot, Aufforderung zur Abgabe eines Kaufangebots oder Empfehlung zur Durchf\u00fchrung einer anderen Transaktion verwendet oder verstanden werden, sofern nicht ausdr\u00fccklich anders angegeben.<\/p>\n\n\n\n<p>Der Eigent\u00fcmer beh\u00e4lt sich das Recht vor, den Inhalt der Website, die Links oder die \u00fcber die Website erhaltenen Informationen ohne vorherige Ank\u00fcndigung zu \u00e4ndern, auszusetzen, zu l\u00f6schen oder einzuschr\u00e4nken.<\/p>\n\n\n\n<p>Der Eigent\u00fcmer haftet nicht f\u00fcr Sch\u00e4den, die durch die Nutzung der Informationen auf der Website entstehen.<\/p>\n\n\n\n<p>Cookie-Richtlinie<br>Alle Informationen zur Richtlinie zur Erhebung und Verarbeitung von Cookies finden Sie auf der Seite \u201eCookie-Richtlinie\u201c.<\/p>\n\n\n\n<p>Links zu anderen Websites<br>Der Eigent\u00fcmer kann Ihnen \u00fcber Links Zugang zu Websites Dritter gew\u00e4hren, um Sie \u00fcber weitere Informationsquellen im Internet zu informieren, auf denen Sie die auf der Website angebotenen Informationen erweitern k\u00f6nnen.<\/p>\n\n\n\n<p>Diese Links zu anderen Websites stellen in keinem Fall eine Empfehlung oder einen Vorschlag dar, die Zielwebsites zu besuchen, da diese au\u00dferhalb der Kontrolle des Eigent\u00fcmers liegen. Der Eigent\u00fcmer ist daher nicht f\u00fcr den Inhalt der verlinkten Websites oder die durch deren Nutzung erzielten Ergebnisse verantwortlich. Ebenso wenig haftet der Eigent\u00fcmer f\u00fcr die Links auf den verlinkten Websites, zu denen er Ihnen Zugang gew\u00e4hrt.<\/p>\n\n\n\n<p>Die Einrichtung eines Links bedeutet in keinem Fall das Bestehen einer Beziehung zwischen dem Eigent\u00fcmer und dem Eigent\u00fcmer der verlinkten Website, noch die Annahme oder Billigung der Inhalte oder Dienste durch den Eigent\u00fcmer.<\/p>\n\n\n\n<p>Wenn Sie \u00fcber einen Link auf dieser Website auf eine externe Website zugreifen, m\u00fcssen Sie die Datenschutzrichtlinie der anderen Website lesen, die von der dieser Website abweichen kann.<\/p>\n\n\n\n<h2 class=\"wp-block-heading\">Geistiges und gewerbliches Eigentum<\/h2>\n\n\n\n<p>Alle Rechte vorbehalten.<\/p>\n\n\n\n<p>Der Zugriff auf diese Website unterliegt den folgenden Bedingungen: Die Vervielf\u00e4ltigung, dauerhafte Speicherung und Verbreitung der Inhalte oder jede andere Nutzung f\u00fcr \u00f6ffentliche oder kommerzielle Zwecke ist ohne vorherige ausdr\u00fcckliche schriftliche Zustimmung des Eigent\u00fcmers ausdr\u00fccklich untersagt.<\/p>\n\n\n\n<h2 class=\"wp-block-heading\">Haftungsbeschr\u00e4nkung<\/h2>\n\n\n\n<p>Die auf der Website enthaltenen oder verf\u00fcgbaren Informationen und Dienste k\u00f6nnen Ungenauigkeiten oder Tippfehler enthalten. Der Eigent\u00fcmer nimmt regelm\u00e4\u00dfig Verbesserungen und\/oder \u00c4nderungen an den enthaltenen Informationen und\/oder Diensten vor und kann diese jederzeit einf\u00fchren.<\/p>\n\n\n\n<p>Der Eigent\u00fcmer \u00fcbernimmt keine Gew\u00e4hr daf\u00fcr, dass die Dienste oder Inhalte ununterbrochen oder fehlerfrei verf\u00fcgbar sind, dass M\u00e4ngel behoben werden oder dass der Dienst oder der Server, der ihn bereitstellt, frei von Viren oder anderen sch\u00e4dlichen Komponenten ist. Der Eigent\u00fcmer unternimmt jedoch alle Anstrengungen, um solche Vorf\u00e4lle zu verhindern.<\/p>\n\n\n\n<p>Der Eigent\u00fcmer lehnt jegliche Haftung f\u00fcr Unterbrechungen oder St\u00f6rungen der online angebotenen Dienste oder Inhalte ab, unabh\u00e4ngig von der Ursache. Ebenso haftet der Eigent\u00fcmer nicht f\u00fcr Netzwerkausf\u00e4lle, daraus resultierende Gesch\u00e4ftsverluste, vor\u00fcbergehende Stromausf\u00e4lle oder sonstige indirekte Sch\u00e4den, die Ihnen ohne Verschulden des Eigent\u00fcmers entstehen.<\/p>\n\n\n\n<p>Bevor Sie Entscheidungen treffen und\/oder Ma\u00dfnahmen auf Grundlage der auf der Website enthaltenen Informationen ergreifen, empfiehlt Ihnen der Eigent\u00fcmer, die erhaltenen Informationen zu \u00fcberpr\u00fcfen und mit anderen Quellen zu vergleichen.<\/p>\n\n\n\n<h2 class=\"wp-block-heading\">Gerichtsstand<\/h2>\n\n\n\n<p>Dieser rechtliche Hinweis unterliegt ausschlie\u00dflich spanischem Recht.<\/p>\n\n\n\n<p>Sofern gesetzlich nichts anderes vorgeschrieben ist, unterwerfen sich die Parteien bei allen Fragen zur Auslegung, Anwendung und Einhaltung dieses rechtlichen Hinweises sowie bei allen Anspr\u00fcchen, die sich aus seiner Nutzung ergeben, den Gerichten der Provinz Castell\u00f3n und verzichten ausdr\u00fccklich auf jeden anderen Gerichtsstand.<\/p>\n\n\n\n<h2 class=\"wp-block-heading\">Kontakt<\/h2>\n\n\n\n<p>Wenn Sie Fragen zu diesem Impressum haben oder Anmerkungen zur Website machen m\u00f6chten, senden Sie bitte eine E-Mail an info@lotustilesl.com.<\/p>\n","protected":false},"excerpt":{"rendered":"<p>Identifikation und Eigent\u00fcmerschaft Gem\u00e4\u00df Artikel 10 des Gesetzes 34\/2002 vom 11. Juli \u00fcber Dienste der Informationsgesellschaft und elektronischen Gesch\u00e4ftsverkehr stellt der Eigent\u00fcmer seine Identifikationsdaten zur Verf\u00fcgung: Eigent\u00fcmer: Lotustile SL.Steuernummer: B12904454Adresse: Avinguda Mediterrani, 142, 12200 Onda, Castell\u00f3n \u2013 Spanien.E-Mail: info@lotustilesl.comTelefonnummer: 964 26 05 48Website: https:\/\/lotustilesl.com Nutzungsbedingungen Die Nutzung der Website verleiht Ihnen den Status eines Nutzers [&hellip;]<\/p>\n","protected":false},"author":1,"featured_media":0,"parent":0,"menu_order":0,"comment_status":"closed","ping_status":"closed","template":"","meta":{"_acf_changed":false,"footnotes":""},"class_list":["post-2251","page","type-page","status-publish","hentry"],"acf":[],"yoast_head":"<!-- This site is optimized with the Yoast SEO plugin v27.4 - https:\/\/yoast.com\/product\/yoast-seo-wordpress\/ -->\n<title>Impressum - Lotustile<\/title>\n<meta name=\"robots\" content=\"noindex, follow\" \/>\n<meta property=\"og:locale\" content=\"de_DE\" \/>\n<meta property=\"og:type\" content=\"article\" \/>\n<meta property=\"og:title\" content=\"Impressum - Lotustile\" \/>\n<meta property=\"og:description\" content=\"Identifikation und Eigent\u00fcmerschaft Gem\u00e4\u00df Artikel 10 des Gesetzes 34\/2002 vom 11. Juli \u00fcber Dienste der Informationsgesellschaft und elektronischen Gesch\u00e4ftsverkehr stellt der Eigent\u00fcmer seine Identifikationsdaten zur Verf\u00fcgung: Eigent\u00fcmer: Lotustile SL.Steuernummer: B12904454Adresse: Avinguda Mediterrani, 142, 12200 Onda, Castell\u00f3n \u2013 Spanien.E-Mail: info@lotustilesl.comTelefonnummer: 964 26 05 48Website: https:\/\/lotustilesl.com Nutzungsbedingungen Die Nutzung der Website verleiht Ihnen den Status eines Nutzers [&hellip;]\" \/>\n<meta property=\"og:url\" content=\"https:\/\/lotustilesl.com\/de\/impressum\/\" \/>\n<meta property=\"og:site_name\" content=\"Lotustile\" \/>\n<meta property=\"article:modified_time\" content=\"2025-08-26T08:05:18+00:00\" \/>\n<meta name=\"twitter:card\" content=\"summary_large_image\" \/>\n<meta name=\"twitter:label1\" content=\"Gesch\u00e4tzte Lesezeit\" \/>\n\t<meta name=\"twitter:data1\" content=\"5\u00a0Minuten\" \/>\n<script type=\"application\/ld+json\" class=\"yoast-schema-graph\">{\"@context\":\"https:\\\/\\\/schema.org\",\"@graph\":[{\"@type\":\"WebPage\",\"@id\":\"https:\\\/\\\/lotustilesl.com\\\/de\\\/impressum\\\/\",\"url\":\"https:\\\/\\\/lotustilesl.com\\\/de\\\/impressum\\\/\",\"name\":\"Impressum - Lotustile\",\"isPartOf\":{\"@id\":\"https:\\\/\\\/lotustilesl.com\\\/de\\\/#website\"},\"datePublished\":\"2025-08-26T08:05:17+00:00\",\"dateModified\":\"2025-08-26T08:05:18+00:00\",\"breadcrumb\":{\"@id\":\"https:\\\/\\\/lotustilesl.com\\\/de\\\/impressum\\\/#breadcrumb\"},\"inLanguage\":\"de\",\"potentialAction\":[{\"@type\":\"ReadAction\",\"target\":[\"https:\\\/\\\/lotustilesl.com\\\/de\\\/impressum\\\/\"]}]},{\"@type\":\"BreadcrumbList\",\"@id\":\"https:\\\/\\\/lotustilesl.com\\\/de\\\/impressum\\\/#breadcrumb\",\"itemListElement\":[{\"@type\":\"ListItem\",\"position\":1,\"name\":\"Portada\",\"item\":\"https:\\\/\\\/lotustilesl.com\\\/de\\\/\"},{\"@type\":\"ListItem\",\"position\":2,\"name\":\"Impressum\"}]},{\"@type\":\"WebSite\",\"@id\":\"https:\\\/\\\/lotustilesl.com\\\/de\\\/#website\",\"url\":\"https:\\\/\\\/lotustilesl.com\\\/de\\\/\",\"name\":\"Lotustile\",\"description\":\"\",\"publisher\":{\"@id\":\"https:\\\/\\\/lotustilesl.com\\\/de\\\/#organization\"},\"potentialAction\":[{\"@type\":\"SearchAction\",\"target\":{\"@type\":\"EntryPoint\",\"urlTemplate\":\"https:\\\/\\\/lotustilesl.com\\\/de\\\/?s={search_term_string}\"},\"query-input\":{\"@type\":\"PropertyValueSpecification\",\"valueRequired\":true,\"valueName\":\"search_term_string\"}}],\"inLanguage\":\"de\"},{\"@type\":\"Organization\",\"@id\":\"https:\\\/\\\/lotustilesl.com\\\/de\\\/#organization\",\"name\":\"Lotustile\",\"url\":\"https:\\\/\\\/lotustilesl.com\\\/de\\\/\",\"logo\":{\"@type\":\"ImageObject\",\"inLanguage\":\"de\",\"@id\":\"https:\\\/\\\/lotustilesl.com\\\/de\\\/#\\\/schema\\\/logo\\\/image\\\/\",\"url\":\"https:\\\/\\\/lotustilesl.com\\\/wp-content\\\/uploads\\\/2025\\\/08\\\/cropped-lotustile-logo.webp\",\"contentUrl\":\"https:\\\/\\\/lotustilesl.com\\\/wp-content\\\/uploads\\\/2025\\\/08\\\/cropped-lotustile-logo.webp\",\"width\":1239,\"height\":181,\"caption\":\"Lotustile\"},\"image\":{\"@id\":\"https:\\\/\\\/lotustilesl.com\\\/de\\\/#\\\/schema\\\/logo\\\/image\\\/\"}}]}<\/script>\n<!-- \/ Yoast SEO plugin. -->","yoast_head_json":{"title":"Impressum - Lotustile","robots":{"index":"noindex","follow":"follow"},"og_locale":"de_DE","og_type":"article","og_title":"Impressum - Lotustile","og_description":"Identifikation und Eigent\u00fcmerschaft Gem\u00e4\u00df Artikel 10 des Gesetzes 34\/2002 vom 11. Juli \u00fcber Dienste der Informationsgesellschaft und elektronischen Gesch\u00e4ftsverkehr stellt der Eigent\u00fcmer seine Identifikationsdaten zur Verf\u00fcgung: Eigent\u00fcmer: Lotustile SL.Steuernummer: B12904454Adresse: Avinguda Mediterrani, 142, 12200 Onda, Castell\u00f3n \u2013 Spanien.E-Mail: info@lotustilesl.comTelefonnummer: 964 26 05 48Website: https:\/\/lotustilesl.com Nutzungsbedingungen Die Nutzung der Website verleiht Ihnen den Status eines Nutzers [&hellip;]","og_url":"https:\/\/lotustilesl.com\/de\/impressum\/","og_site_name":"Lotustile","article_modified_time":"2025-08-26T08:05:18+00:00","twitter_card":"summary_large_image","twitter_misc":{"Gesch\u00e4tzte Lesezeit":"5\u00a0Minuten"},"schema":{"@context":"https:\/\/schema.org","@graph":[{"@type":"WebPage","@id":"https:\/\/lotustilesl.com\/de\/impressum\/","url":"https:\/\/lotustilesl.com\/de\/impressum\/","name":"Impressum - Lotustile","isPartOf":{"@id":"https:\/\/lotustilesl.com\/de\/#website"},"datePublished":"2025-08-26T08:05:17+00:00","dateModified":"2025-08-26T08:05:18+00:00","breadcrumb":{"@id":"https:\/\/lotustilesl.com\/de\/impressum\/#breadcrumb"},"inLanguage":"de","potentialAction":[{"@type":"ReadAction","target":["https:\/\/lotustilesl.com\/de\/impressum\/"]}]},{"@type":"BreadcrumbList","@id":"https:\/\/lotustilesl.com\/de\/impressum\/#breadcrumb","itemListElement":[{"@type":"ListItem","position":1,"name":"Portada","item":"https:\/\/lotustilesl.com\/de\/"},{"@type":"ListItem","position":2,"name":"Impressum"}]},{"@type":"WebSite","@id":"https:\/\/lotustilesl.com\/de\/#website","url":"https:\/\/lotustilesl.com\/de\/","name":"Lotustile","description":"","publisher":{"@id":"https:\/\/lotustilesl.com\/de\/#organization"},"potentialAction":[{"@type":"SearchAction","target":{"@type":"EntryPoint","urlTemplate":"https:\/\/lotustilesl.com\/de\/?s={search_term_string}"},"query-input":{"@type":"PropertyValueSpecification","valueRequired":true,"valueName":"search_term_string"}}],"inLanguage":"de"},{"@type":"Organization","@id":"https:\/\/lotustilesl.com\/de\/#organization","name":"Lotustile","url":"https:\/\/lotustilesl.com\/de\/","logo":{"@type":"ImageObject","inLanguage":"de","@id":"https:\/\/lotustilesl.com\/de\/#\/schema\/logo\/image\/","url":"https:\/\/lotustilesl.com\/wp-content\/uploads\/2025\/08\/cropped-lotustile-logo.webp","contentUrl":"https:\/\/lotustilesl.com\/wp-content\/uploads\/2025\/08\/cropped-lotustile-logo.webp","width":1239,"height":181,"caption":"Lotustile"},"image":{"@id":"https:\/\/lotustilesl.com\/de\/#\/schema\/logo\/image\/"}}]}},"_links":{"self":[{"href":"https:\/\/lotustilesl.com\/de\/wp-json\/wp\/v2\/pages\/2251","targetHints":{"allow":["GET"]}}],"collection":[{"href":"https:\/\/lotustilesl.com\/de\/wp-json\/wp\/v2\/pages"}],"about":[{"href":"https:\/\/lotustilesl.com\/de\/wp-json\/wp\/v2\/types\/page"}],"author":[{"embeddable":true,"href":"https:\/\/lotustilesl.com\/de\/wp-json\/wp\/v2\/users\/1"}],"replies":[{"embeddable":true,"href":"https:\/\/lotustilesl.com\/de\/wp-json\/wp\/v2\/comments?post=2251"}],"version-history":[{"count":1,"href":"https:\/\/lotustilesl.com\/de\/wp-json\/wp\/v2\/pages\/2251\/revisions"}],"predecessor-version":[{"id":2252,"href":"https:\/\/lotustilesl.com\/de\/wp-json\/wp\/v2\/pages\/2251\/revisions\/2252"}],"wp:attachment":[{"href":"https:\/\/lotustilesl.com\/de\/wp-json\/wp\/v2\/media?parent=2251"}],"curies":[{"name":"wp","href":"https:\/\/api.w.org\/{rel}","templated":true}]}}