{"id":2247,"date":"2025-08-26T09:56:29","date_gmt":"2025-08-26T07:56:29","guid":{"rendered":"https:\/\/lotustilesl.com\/?page_id=2247"},"modified":"2025-08-26T09:56:29","modified_gmt":"2025-08-26T07:56:29","slug":"datenschutzrichtlinie","status":"publish","type":"page","link":"https:\/\/lotustilesl.com\/de\/datenschutzrichtlinie\/","title":{"rendered":"Datenschutzrichtlinie"},"content":{"rendered":"\n<p>Der Inhaber informiert Sie \u00fcber seine Datenschutzrichtlinie bez\u00fcglich der Verarbeitung und des Schutzes personenbezogener Daten der Nutzer, die beim Besuch der Website <a href=\"https:\/\/lotustilesl.com\/en\">https:\/\/lotustilesl.com\/en<\/a> erhoben werden k\u00f6nnen.<\/p>\n\n\n\n<p>In diesem Zusammenhang garantiert der Inhaber die Einhaltung der geltenden Datenschutzbestimmungen gem\u00e4\u00df dem Organgesetz 3\/2018 vom 5. Dezember zum Schutz personenbezogener Daten und zur Gew\u00e4hrleistung digitaler Rechte (LOPD GDD). Er entspricht au\u00dferdem der Verordnung (EU) 2016\/679 des Europ\u00e4ischen Parlaments und des Rates vom 27. April 2016 zum Schutz nat\u00fcrlicher Personen (DSGVO).<\/p>\n\n\n\n<p>Die Nutzung der Website setzt die Annahme dieser Datenschutzrichtlinie sowie der im Impressum enthaltenen Bedingungen voraus.<\/p>\n\n\n\n<h2 class=\"wp-block-heading\">Identit\u00e4t des Verantwortlichen<\/h2>\n\n\n\n<p>Verantwortlicher: Lotustile SL.<br>Steuer-Identifikationsnummer: B12904454<br>Anschrift: Avinguda Mediterrani, 142, 12200 Onda, Castell\u00f3n \u2013 Spanien.<br>E-Mail: info@lotustilesl.com<br>Telefonnummer: 964 26 05 48<br>Website: https:\/\/lotustilesl.com<br><\/p>\n\n\n\n<h2 class=\"wp-block-heading\">Grunds\u00e4tze der Datenverarbeitung<\/h2>\n\n\n\n<p>Bei der Verarbeitung Ihrer personenbezogenen Daten wendet der Verantwortliche die folgenden Grunds\u00e4tze an, die den Anforderungen der neuen Europ\u00e4ischen Datenschutz-Grundverordnung (DSGVO) entsprechen:<\/p>\n\n\n\n<p>Grundsatz der Rechtm\u00e4\u00dfigkeit, Fairness und Transparenz: Der Verantwortliche holt f\u00fcr die Verarbeitung personenbezogener Daten stets Ihre Einwilligung ein. Diese Verarbeitung kann einem oder mehreren bestimmten Zwecken dienen, \u00fcber die der Verantwortliche den Nutzer vorab transparent informiert.<br>Grundsatz der Datenminimierung: Der Verantwortliche fordert nur die Daten an, die f\u00fcr den bzw. die Zwecke, f\u00fcr die sie angefordert werden, unbedingt erforderlich sind.<br>Grundsatz der begrenzten Speicherung: Der Verantwortliche speichert die erhobenen personenbezogenen Daten nur so lange, wie es f\u00fcr den bzw. die Verarbeitungszwecke unbedingt erforderlich ist. Der Verantwortliche informiert den Nutzer je nach Zweck \u00fcber die entsprechende Speicherdauer.<br>Bei Abonnements \u00fcberpr\u00fcft der Verantwortliche die Listen regelm\u00e4\u00dfig und l\u00f6scht Eintr\u00e4ge, die \u00fcber einen l\u00e4ngeren Zeitraum inaktiv waren.<br>Grundsatz der Integrit\u00e4t und Vertraulichkeit: Die erhobenen personenbezogenen Daten werden so behandelt, dass ihre Sicherheit, Vertraulichkeit und Integrit\u00e4t gew\u00e4hrleistet sind.<br>Der Verantwortliche trifft die notwendigen Vorkehrungen, um unbefugten Zugriff oder Missbrauch der Daten seiner Nutzer durch Dritte zu verhindern.<br>Erhebung personenbezogener Daten<br>Um die Website zu nutzen, m\u00fcssen Sie keine personenbezogenen Daten angeben.<\/p>\n\n\n\n<h2 class=\"wp-block-heading\">Rechte<br><\/h2>\n\n\n\n<p>Der Verantwortliche informiert Sie dar\u00fcber, dass Sie in Bezug auf Ihre personenbezogenen Daten folgende Rechte haben:<\/p>\n\n\n\n<p>Zugriff auf die gespeicherten Daten zu verlangen.<\/p>\n\n\n\n<p>Berichtigung oder L\u00f6schung zu verlangen.<\/p>\n\n\n\n<p>Einschr\u00e4nkung der Verarbeitung zu verlangen.<\/p>\n\n\n\n<p>Einspruch gegen die Verarbeitung zu erheben.<\/p>\n\n\n\n<p>Das Recht auf Daten\u00fcbertragbarkeit ist nicht m\u00f6glich.<\/p>\n\n\n\n<p>Die Aus\u00fcbung dieser Rechte ist personenbezogen und muss daher direkt von der betroffenen Person ausge\u00fcbt werden, indem sie diese direkt beim Verantwortlichen beantragt. Das bedeutet, dass jeder Kunde, Abonnent oder Mitarbeiter, der seine Daten bereitgestellt hat, jederzeit den Verantwortlichen kontaktieren und Auskunft \u00fcber die gespeicherten Daten und deren Herkunft verlangen, die Berichtigung dieser Daten verlangen, deren Verarbeitung widersprechen, deren Nutzung einschr\u00e4nken oder die L\u00f6schung dieser Daten aus den Dateien des Verantwortlichen verlangen kann.<\/p>\n\n\n\n<p>Um Ihre Rechte auszu\u00fcben, senden Sie bitte Ihre Anfrage zusammen mit einer Fotokopie Ihres Personalausweises oder eines gleichwertigen Dokuments an folgende E-Mail-Adresse: info@lotustilesl.com.<\/p>\n\n\n\n<p>Die Aus\u00fcbung dieser Rechte erstreckt sich nicht auf Daten, die der Verantwortliche aus administrativen, rechtlichen oder Sicherheitsgr\u00fcnden aufbewahren muss.<\/p>\n\n\n\n<p>Sie haben das Recht auf wirksamen Rechtsschutz und k\u00f6nnen Beschwerde bei der Aufsichtsbeh\u00f6rde, in diesem Fall der spanischen Datenschutzbeh\u00f6rde, einreichen, wenn Sie der Ansicht sind, dass die Verarbeitung Ihrer personenbezogenen Daten gegen die Verordnung verst\u00f6\u00dft.<\/p>\n\n\n\n<h2 class=\"wp-block-heading\">Zweck der Verarbeitung personenbezogener Daten<br><\/h2>\n\n\n\n<p>Wenn Sie sich mit der Website verbinden, um dem Verantwortlichen eine E-Mail zu senden oder dessen Newsletter zu abonnieren, geben Sie personenbezogene Daten an, f\u00fcr die der Verantwortliche verantwortlich ist. Diese Informationen k\u00f6nnen personenbezogene Daten wie Ihre IP-Adresse, Ihren Vor- und Nachnamen, Ihre Postanschrift, E-Mail-Adresse, Telefonnummer und weitere Informationen enthalten. Mit der Bereitstellung dieser Informationen erkl\u00e4ren Sie sich damit einverstanden, dass Ihre Daten von Lotustile SL ausschlie\u00dflich wie auf den folgenden Seiten beschrieben erhoben, verwendet, verwaltet und gespeichert werden:<\/p>\n\n\n\n<p>Impressum<br>Datenschutzerkl\u00e4rung<br>Die personenbezogenen Daten und der Zweck der Verarbeitung durch den Verantwortlichen variieren je nach Datenerfassungssystem:<\/p>\n\n\n\n<p>Der Verantwortliche verarbeitet personenbezogene Daten au\u00dferdem zu folgenden Zwecken:<\/p>\n\n\n\n<p>Um die Einhaltung der auf der Seite \u201eRechtliche Hinweise\u201c dargelegten Bedingungen und des geltenden Rechts sicherzustellen. Dies kann die Entwicklung von Tools und Algorithmen umfassen, die der Website dabei helfen, die Vertraulichkeit der von ihr erfassten personenbezogenen Daten zu gew\u00e4hrleisten.<\/p>\n\n\n\n<p>Diese helfen der Website, die Vertraulichkeit der von ihr erhobenen personenbezogenen Daten zu gew\u00e4hrleisten.<br>Zur Unterst\u00fctzung und Verbesserung der von dieser Website angebotenen Dienste.<br>Zur Analyse des Benutzerverhaltens. Der Verantwortliche erhebt weitere nicht identifizierende Daten, die durch die Verwendung von Cookies gewonnen werden, die beim Besuch der Website auf den Computer des Benutzers heruntergeladen werden. Deren Eigenschaften und Zwecke sind in der Cookie-Richtlinie aufgef\u00fchrt.<br><\/p>\n\n\n\n<h2 class=\"wp-block-heading\">Sicherheit personenbezogener Daten<br><\/h2>\n\n\n\n<p>Zum Schutz Ihrer personenbezogenen Daten trifft der Verantwortliche alle angemessenen Vorkehrungen und befolgt branchen\u00fcbliche Best Practices, um deren Verlust, Missbrauch, unberechtigten Zugriff, Offenlegung, Ver\u00e4nderung oder Zerst\u00f6rung zu verhindern.<\/p>\n\n\n\n<p>Ihre Daten k\u00f6nnen in eine Mailingliste aufgenommen werden, f\u00fcr deren Verwaltung und Verarbeitung der Verantwortliche verantwortlich ist. Die Sicherheit Ihrer Daten ist gew\u00e4hrleistet, da der Verantwortliche alle notwendigen Sicherheitsma\u00dfnahmen ergreift und garantiert, dass Ihre personenbezogenen Daten nur f\u00fcr die angegebenen Zwecke verwendet werden.<\/p>\n\n\n\n<p>Der Verantwortliche informiert den Benutzer dar\u00fcber, dass seine personenbezogenen Daten nicht an Dritte weitergegeben werden, es sei denn, dies ist gesetzlich vorgeschrieben oder die Erbringung einer Dienstleistung erfordert eine vertragliche Beziehung zu einem Auftragsverarbeiter. Im letzteren Fall werden Daten nur mit ausdr\u00fccklicher Zustimmung des Nutzers an Dritte weitergegeben.<\/p>\n\n\n\n<p>In einigen F\u00e4llen kann jedoch eine Zusammenarbeit mit anderen Fachleuten erfolgen. In diesen F\u00e4llen ist die Zustimmung des Nutzers erforderlich, der \u00fcber die Identit\u00e4t des Kooperationspartners und den Zweck der Zusammenarbeit informiert werden muss. Dies geschieht stets unter Einhaltung strengster Sicherheitsstandards.<\/p>\n\n\n\n<h2 class=\"wp-block-heading\">Inhalte von anderen Websites<br><\/h2>\n\n\n\n<p>Seiten dieser Website k\u00f6nnen eingebettete Inhalte (z. B. Videos, Bilder, Artikel usw.) enthalten. Eingebettete Inhalte von anderen Websites verhalten sich genauso, als h\u00e4tten Sie die andere Website besucht.<\/p>\n\n\n\n<p>Diese Websites k\u00f6nnen Daten \u00fcber Sie sammeln, Cookies verwenden, zus\u00e4tzlichen Tracking-Code von Drittanbietern einbetten und Ihre Interaktion mithilfe dieses Codes \u00fcberwachen.<\/p>\n\n\n\n<h2 class=\"wp-block-heading\">Cookie-Richtlinie<br><\/h2>\n\n\n\n<p>F\u00fcr die ordnungsgem\u00e4\u00dfe Funktion dieser Website sind Cookies erforderlich. Dabei handelt es sich um in Ihrem Webbrowser gespeicherte Informationen.<\/p>\n\n\n\n<p>Alle Informationen zur Cookie-Erfassung und -Verarbeitung finden Sie auf der Seite \u201eCookie-Richtlinie\u201c.<\/p>\n\n\n\n<p>Rechtsgrundlage der Datenverarbeitung<br>Rechtsgrundlage f\u00fcr die Verarbeitung Ihrer Daten ist:<\/p>\n\n\n\n<p>Die Einwilligung der betroffenen Person.<br><\/p>\n\n\n\n<h2 class=\"wp-block-heading\">Kategorien personenbezogener Daten<br><\/h2>\n\n\n\n<p>Die vom Verantwortlichen verarbeiteten Kategorien personenbezogener Daten sind:<\/p>\n\n\n\n<p>Identifikationsdaten.<br>Es werden keine besonders gesch\u00fctzten Datenkategorien verarbeitet.<br><\/p>\n\n\n\n<h2 class=\"wp-block-heading\">Aufbewahrung personenbezogener Daten<br><\/h2>\n\n\n\n<p>Die dem Verantwortlichen \u00fcbermittelten personenbezogenen Daten werden so lange gespeichert, bis Sie deren L\u00f6schung beantragen.<\/p>\n\n\n\n<h2 class=\"wp-block-heading\">Webbrowsing<br><\/h2>\n\n\n\n<p>Beim Surfen auf der Website k\u00f6nnen nicht-identifizierende Daten erfasst werden, darunter Ihre IP-Adresse, Ihr Standort, Aufzeichnungen \u00fcber die Nutzung der Dienste und Websites, Ihre Surfgewohnheiten und andere Daten, die nicht zu Ihrer Identifizierung verwendet werden k\u00f6nnen.<\/p>\n\n\n\n<p>Die Website nutzt die folgenden Analysedienste von Drittanbietern:<\/p>\n\n\n\n<p>Der Eigent\u00fcmer nutzt die erhaltenen Informationen, um statistische Daten zu erheben, Trends zu analysieren, die Website zu verwalten, Surfverhalten zu untersuchen und demografische Informationen zu sammeln.<\/p>\n\n\n\n<p>Der Eigent\u00fcmer ist nicht verantwortlich f\u00fcr die Verarbeitung personenbezogener Daten, die von den \u00fcber die verschiedenen Links auf der Website aufgerufenen Webseiten durchgef\u00fchrt wird.<\/p>\n\n\n\n<h2 class=\"wp-block-heading\">Richtigkeit und Wahrhaftigkeit personenbezogener Daten<br><\/h2>\n\n\n\n<p>Sie erkl\u00e4ren sich damit einverstanden, dass die dem Eigent\u00fcmer zur Verf\u00fcgung gestellten Daten richtig, vollst\u00e4ndig, richtig und aktuell sind und dass Sie diese regelm\u00e4\u00dfig aktualisieren.<\/p>\n\n\n\n<p>Als Website-Nutzer sind Sie allein f\u00fcr die Richtigkeit und Wahrhaftigkeit der an die Website \u00fcbermittelten Daten verantwortlich und stellen den Eigent\u00fcmer von jeglicher Haftung in dieser Hinsicht frei.<\/p>\n\n\n\n<h2 class=\"wp-block-heading\">Annahme und Einwilligung<br><\/h2>\n\n\n\n<p>Als Website-Nutzer erkl\u00e4ren Sie, dass Sie \u00fcber die Bedingungen zum Schutz personenbezogener Daten informiert wurden und dass Sie die Verarbeitung dieser Daten durch den Eigent\u00fcmer in der in dieser Datenschutzrichtlinie angegebenen Weise und zu den angegebenen Zwecken akzeptieren und damit einverstanden sind.<\/p>\n\n\n\n<p>Um den Eigent\u00fcmer zu kontaktieren, einen Newsletter zu abonnieren oder Kommentare auf dieser Website zu ver\u00f6ffentlichen, m\u00fcssen Sie diese Datenschutzrichtlinie akzeptieren.<\/p>\n\n\n\n<h2 class=\"wp-block-heading\">\u00c4nderungen der Datenschutzrichtlinie<br><\/h2>\n\n\n\n<p>Der Eigent\u00fcmer beh\u00e4lt sich das Recht vor, diese Datenschutzrichtlinie zu \u00e4ndern, um sie an neue Gesetze, Rechtsprechung und Branchenpraktiken anzupassen.<\/p>\n\n\n\n<p>Diese Richtlinien bleiben in Kraft, bis sie durch andere, ordnungsgem\u00e4\u00df ver\u00f6ffentlichte Richtlinien ge\u00e4ndert werden.<\/p>\n","protected":false},"excerpt":{"rendered":"<p>Der Inhaber informiert Sie \u00fcber seine Datenschutzrichtlinie bez\u00fcglich der Verarbeitung und des Schutzes personenbezogener Daten der Nutzer, die beim Besuch der Website https:\/\/lotustilesl.com\/en erhoben werden k\u00f6nnen. In diesem Zusammenhang garantiert der Inhaber die Einhaltung der geltenden Datenschutzbestimmungen gem\u00e4\u00df dem Organgesetz 3\/2018 vom 5. Dezember zum Schutz personenbezogener Daten und zur Gew\u00e4hrleistung digitaler Rechte (LOPD GDD). [&hellip;]<\/p>\n","protected":false},"author":1,"featured_media":0,"parent":0,"menu_order":0,"comment_status":"closed","ping_status":"closed","template":"","meta":{"_acf_changed":false,"footnotes":""},"class_list":["post-2247","page","type-page","status-publish","hentry"],"acf":[],"yoast_head":"<!-- This site is optimized with the Yoast SEO plugin v27.4 - https:\/\/yoast.com\/product\/yoast-seo-wordpress\/ -->\n<title>Datenschutzrichtlinie - Lotustile<\/title>\n<meta name=\"robots\" content=\"noindex, follow\" \/>\n<meta property=\"og:locale\" content=\"de_DE\" \/>\n<meta property=\"og:type\" content=\"article\" \/>\n<meta property=\"og:title\" content=\"Datenschutzrichtlinie - Lotustile\" \/>\n<meta property=\"og:description\" content=\"Der Inhaber informiert Sie \u00fcber seine Datenschutzrichtlinie bez\u00fcglich der Verarbeitung und des Schutzes personenbezogener Daten der Nutzer, die beim Besuch der Website https:\/\/lotustilesl.com\/en erhoben werden k\u00f6nnen. In diesem Zusammenhang garantiert der Inhaber die Einhaltung der geltenden Datenschutzbestimmungen gem\u00e4\u00df dem Organgesetz 3\/2018 vom 5. Dezember zum Schutz personenbezogener Daten und zur Gew\u00e4hrleistung digitaler Rechte (LOPD GDD). [&hellip;]\" \/>\n<meta property=\"og:url\" content=\"https:\/\/lotustilesl.com\/de\/datenschutzrichtlinie\/\" \/>\n<meta property=\"og:site_name\" content=\"Lotustile\" \/>\n<meta name=\"twitter:card\" content=\"summary_large_image\" \/>\n<meta name=\"twitter:label1\" content=\"Gesch\u00e4tzte Lesezeit\" \/>\n\t<meta name=\"twitter:data1\" content=\"6\u00a0Minuten\" \/>\n<script type=\"application\/ld+json\" class=\"yoast-schema-graph\">{\"@context\":\"https:\\\/\\\/schema.org\",\"@graph\":[{\"@type\":\"WebPage\",\"@id\":\"https:\\\/\\\/lotustilesl.com\\\/de\\\/datenschutzrichtlinie\\\/\",\"url\":\"https:\\\/\\\/lotustilesl.com\\\/de\\\/datenschutzrichtlinie\\\/\",\"name\":\"Datenschutzrichtlinie - Lotustile\",\"isPartOf\":{\"@id\":\"https:\\\/\\\/lotustilesl.com\\\/de\\\/#website\"},\"datePublished\":\"2025-08-26T07:56:29+00:00\",\"breadcrumb\":{\"@id\":\"https:\\\/\\\/lotustilesl.com\\\/de\\\/datenschutzrichtlinie\\\/#breadcrumb\"},\"inLanguage\":\"de\",\"potentialAction\":[{\"@type\":\"ReadAction\",\"target\":[\"https:\\\/\\\/lotustilesl.com\\\/de\\\/datenschutzrichtlinie\\\/\"]}]},{\"@type\":\"BreadcrumbList\",\"@id\":\"https:\\\/\\\/lotustilesl.com\\\/de\\\/datenschutzrichtlinie\\\/#breadcrumb\",\"itemListElement\":[{\"@type\":\"ListItem\",\"position\":1,\"name\":\"Portada\",\"item\":\"https:\\\/\\\/lotustilesl.com\\\/de\\\/\"},{\"@type\":\"ListItem\",\"position\":2,\"name\":\"Datenschutzrichtlinie\"}]},{\"@type\":\"WebSite\",\"@id\":\"https:\\\/\\\/lotustilesl.com\\\/de\\\/#website\",\"url\":\"https:\\\/\\\/lotustilesl.com\\\/de\\\/\",\"name\":\"Lotustile\",\"description\":\"\",\"publisher\":{\"@id\":\"https:\\\/\\\/lotustilesl.com\\\/de\\\/#organization\"},\"potentialAction\":[{\"@type\":\"SearchAction\",\"target\":{\"@type\":\"EntryPoint\",\"urlTemplate\":\"https:\\\/\\\/lotustilesl.com\\\/de\\\/?s={search_term_string}\"},\"query-input\":{\"@type\":\"PropertyValueSpecification\",\"valueRequired\":true,\"valueName\":\"search_term_string\"}}],\"inLanguage\":\"de\"},{\"@type\":\"Organization\",\"@id\":\"https:\\\/\\\/lotustilesl.com\\\/de\\\/#organization\",\"name\":\"Lotustile\",\"url\":\"https:\\\/\\\/lotustilesl.com\\\/de\\\/\",\"logo\":{\"@type\":\"ImageObject\",\"inLanguage\":\"de\",\"@id\":\"https:\\\/\\\/lotustilesl.com\\\/de\\\/#\\\/schema\\\/logo\\\/image\\\/\",\"url\":\"https:\\\/\\\/lotustilesl.com\\\/wp-content\\\/uploads\\\/2025\\\/08\\\/cropped-lotustile-logo.webp\",\"contentUrl\":\"https:\\\/\\\/lotustilesl.com\\\/wp-content\\\/uploads\\\/2025\\\/08\\\/cropped-lotustile-logo.webp\",\"width\":1239,\"height\":181,\"caption\":\"Lotustile\"},\"image\":{\"@id\":\"https:\\\/\\\/lotustilesl.com\\\/de\\\/#\\\/schema\\\/logo\\\/image\\\/\"}}]}<\/script>\n<!-- \/ Yoast SEO plugin. -->","yoast_head_json":{"title":"Datenschutzrichtlinie - Lotustile","robots":{"index":"noindex","follow":"follow"},"og_locale":"de_DE","og_type":"article","og_title":"Datenschutzrichtlinie - Lotustile","og_description":"Der Inhaber informiert Sie \u00fcber seine Datenschutzrichtlinie bez\u00fcglich der Verarbeitung und des Schutzes personenbezogener Daten der Nutzer, die beim Besuch der Website https:\/\/lotustilesl.com\/en erhoben werden k\u00f6nnen. In diesem Zusammenhang garantiert der Inhaber die Einhaltung der geltenden Datenschutzbestimmungen gem\u00e4\u00df dem Organgesetz 3\/2018 vom 5. Dezember zum Schutz personenbezogener Daten und zur Gew\u00e4hrleistung digitaler Rechte (LOPD GDD). [&hellip;]","og_url":"https:\/\/lotustilesl.com\/de\/datenschutzrichtlinie\/","og_site_name":"Lotustile","twitter_card":"summary_large_image","twitter_misc":{"Gesch\u00e4tzte Lesezeit":"6\u00a0Minuten"},"schema":{"@context":"https:\/\/schema.org","@graph":[{"@type":"WebPage","@id":"https:\/\/lotustilesl.com\/de\/datenschutzrichtlinie\/","url":"https:\/\/lotustilesl.com\/de\/datenschutzrichtlinie\/","name":"Datenschutzrichtlinie - Lotustile","isPartOf":{"@id":"https:\/\/lotustilesl.com\/de\/#website"},"datePublished":"2025-08-26T07:56:29+00:00","breadcrumb":{"@id":"https:\/\/lotustilesl.com\/de\/datenschutzrichtlinie\/#breadcrumb"},"inLanguage":"de","potentialAction":[{"@type":"ReadAction","target":["https:\/\/lotustilesl.com\/de\/datenschutzrichtlinie\/"]}]},{"@type":"BreadcrumbList","@id":"https:\/\/lotustilesl.com\/de\/datenschutzrichtlinie\/#breadcrumb","itemListElement":[{"@type":"ListItem","position":1,"name":"Portada","item":"https:\/\/lotustilesl.com\/de\/"},{"@type":"ListItem","position":2,"name":"Datenschutzrichtlinie"}]},{"@type":"WebSite","@id":"https:\/\/lotustilesl.com\/de\/#website","url":"https:\/\/lotustilesl.com\/de\/","name":"Lotustile","description":"","publisher":{"@id":"https:\/\/lotustilesl.com\/de\/#organization"},"potentialAction":[{"@type":"SearchAction","target":{"@type":"EntryPoint","urlTemplate":"https:\/\/lotustilesl.com\/de\/?s={search_term_string}"},"query-input":{"@type":"PropertyValueSpecification","valueRequired":true,"valueName":"search_term_string"}}],"inLanguage":"de"},{"@type":"Organization","@id":"https:\/\/lotustilesl.com\/de\/#organization","name":"Lotustile","url":"https:\/\/lotustilesl.com\/de\/","logo":{"@type":"ImageObject","inLanguage":"de","@id":"https:\/\/lotustilesl.com\/de\/#\/schema\/logo\/image\/","url":"https:\/\/lotustilesl.com\/wp-content\/uploads\/2025\/08\/cropped-lotustile-logo.webp","contentUrl":"https:\/\/lotustilesl.com\/wp-content\/uploads\/2025\/08\/cropped-lotustile-logo.webp","width":1239,"height":181,"caption":"Lotustile"},"image":{"@id":"https:\/\/lotustilesl.com\/de\/#\/schema\/logo\/image\/"}}]}},"_links":{"self":[{"href":"https:\/\/lotustilesl.com\/de\/wp-json\/wp\/v2\/pages\/2247","targetHints":{"allow":["GET"]}}],"collection":[{"href":"https:\/\/lotustilesl.com\/de\/wp-json\/wp\/v2\/pages"}],"about":[{"href":"https:\/\/lotustilesl.com\/de\/wp-json\/wp\/v2\/types\/page"}],"author":[{"embeddable":true,"href":"https:\/\/lotustilesl.com\/de\/wp-json\/wp\/v2\/users\/1"}],"replies":[{"embeddable":true,"href":"https:\/\/lotustilesl.com\/de\/wp-json\/wp\/v2\/comments?post=2247"}],"version-history":[{"count":1,"href":"https:\/\/lotustilesl.com\/de\/wp-json\/wp\/v2\/pages\/2247\/revisions"}],"predecessor-version":[{"id":2248,"href":"https:\/\/lotustilesl.com\/de\/wp-json\/wp\/v2\/pages\/2247\/revisions\/2248"}],"wp:attachment":[{"href":"https:\/\/lotustilesl.com\/de\/wp-json\/wp\/v2\/media?parent=2247"}],"curies":[{"name":"wp","href":"https:\/\/api.w.org\/{rel}","templated":true}]}}